{"id":4648,"date":"2016-10-21T12:50:03","date_gmt":"2016-10-21T12:50:03","guid":{"rendered":"https:\/\/riberi.com\/servizi\/"},"modified":"2025-06-27T12:03:56","modified_gmt":"2025-06-27T10:03:56","slug":"services","status":"publish","type":"page","link":"https:\/\/riberi.com\/fr\/services\/","title":{"rendered":"Prestations de service"},"content":{"rendered":"<section id=\"bt_section69e211ce2576b\"  class=\"boldSection topSemiSpaced gutter boxed inherit\" ><div class=\"port\"><div class=\"boldCell\"><div class=\"boldCellInner\"><div class=\"boldRow \" ><div class=\"boldRowInner\"><div class=\"rowItem col-md-4 col-ms-12 btTextLeft animate animate-fadein inherit\"  data-width=\"4\"><div class=\"rowItemContent\" ><div class=\"bpgPhoto btZoomInHoverType btHasTitles\" > \n\t\t\t\t\t<a href=\"https:\/\/riberi.com\/fr\/industrie\/\" target=\"_self\" title=\"STRUCTURES M\u00c9TALLIQUES EN CHARPENTERIE LOURDE\"><\/a>\n\t\t\t\t\t<div class=\"boldPhotoBox\"><div class=\"bpbItem\"><div class = \"btImage\"><img decoding=\"async\" src=\"https:\/\/riberi.com\/wp-content\/uploads\/2020\/04\/INDUSTRIA-640x640.jpg\" alt=\"\" title=\"STRUCTURES M\u00c9TALLIQUES EN CHARPENTERIE LOURDE\"><\/div><\/div><\/div>\n\t\t\t\t\t<div class=\"captionPane btDarkSkin btTextCenter\">\n\t\t\t\t\t\t<div class=\"captionTable\">\n\t\t\t\t\t\t\t<div class=\"captionCell\">\n\t\t\t\t\t\t\t\t<div class=\"captionTxt\"><header class=\"header btClear extrasmall\" ><div class=\"dash\"><h4><span class=\"headline\">STRUCTURES M\u00c9TALLIQUES EN CHARPENTERIE LOURDE<\/span><\/h4><\/div><\/header><\/div>\n\t\t\t\t\t\t\t<\/div>\n\t\t\t\t\t\t<\/div>\n\t\t\t\t\t<\/div>\n\t\t\t\t\t\t<div class=\"btShowTitle\">\n\t\t\t\t\t\t\t<div class=\"btShowTitleCaptionTxt\"><header class=\"header btClear small\" ><div class=\"dash\"><h4><span class=\"headline\">STRUCTURES M\u00c9TALLIQUES EN CHARPENTERIE LOURDE<\/span><\/h4><\/div><\/header><\/div>\n\t\t\t\t\t\t<\/div><\/div><div class=\"btClear btSeparator topSmallSpaced bottomSmallSpaced noBorder\" ><hr><\/div><\/div><\/div><div class=\"rowItem col-md-4 col-ms-12 btTextLeft animate animate-fadein inherit\"  data-width=\"4\"><div class=\"rowItemContent\" ><div class=\"bpgPhoto btZoomInHoverType btHasTitles\" > \n\t\t\t\t\t<a href=\"https:\/\/riberi.com\/fr\/facades\/\" target=\"_self\" title=\"Fa\u00e7ades\"><\/a>\n\t\t\t\t\t<div class=\"boldPhotoBox\"><div class=\"bpbItem\"><div class = \"btImage\"><img decoding=\"async\" src=\"https:\/\/riberi.com\/wp-content\/uploads\/2020\/04\/FACCIATE-640x640.jpg\" alt=\"\" title=\"Fa\u00e7ades\"><\/div><\/div><\/div>\n\t\t\t\t\t<div class=\"captionPane btDarkSkin btTextCenter\">\n\t\t\t\t\t\t<div class=\"captionTable\">\n\t\t\t\t\t\t\t<div class=\"captionCell\">\n\t\t\t\t\t\t\t\t<div class=\"captionTxt\"><header class=\"header btClear extrasmall\" ><div class=\"dash\"><h4><span class=\"headline\">Fa\u00e7ades<\/span><\/h4><\/div><\/header><\/div>\n\t\t\t\t\t\t\t<\/div>\n\t\t\t\t\t\t<\/div>\n\t\t\t\t\t<\/div>\n\t\t\t\t\t\t<div class=\"btShowTitle\">\n\t\t\t\t\t\t\t<div class=\"btShowTitleCaptionTxt\"><header class=\"header btClear small\" ><div class=\"dash\"><h4><span class=\"headline\">Fa\u00e7ades<\/span><\/h4><\/div><\/header><\/div>\n\t\t\t\t\t\t<\/div><\/div><div class=\"btClear btSeparator topSmallSpaced bottomSmallSpaced noBorder\" ><hr><\/div><\/div><\/div><div class=\"rowItem col-md-4 col-ms-12 btTextLeft animate animate-fadein inherit\"  data-width=\"4\"><div class=\"rowItemContent\" ><div class=\"bpgPhoto btZoomInHoverType btHasTitles\" > \n\t\t\t\t\t<a href=\"https:\/\/riberi.com\/fr\/agricolture\/\" target=\"_self\" title=\"Complex agricole\"><\/a>\n\t\t\t\t\t<div class=\"boldPhotoBox\"><div class=\"bpbItem\"><div class = \"btImage\"><img decoding=\"async\" src=\"https:\/\/riberi.com\/wp-content\/uploads\/2020\/04\/AGRICOLTURA-640x640.jpg\" alt=\"\" title=\"Complex agricole\"><\/div><\/div><\/div>\n\t\t\t\t\t<div class=\"captionPane btDarkSkin btTextCenter\">\n\t\t\t\t\t\t<div class=\"captionTable\">\n\t\t\t\t\t\t\t<div class=\"captionCell\">\n\t\t\t\t\t\t\t\t<div class=\"captionTxt\"><header class=\"header btClear extrasmall\" ><div class=\"dash\"><h4><span class=\"headline\">Complex agricole<\/span><\/h4><\/div><\/header><\/div>\n\t\t\t\t\t\t\t<\/div>\n\t\t\t\t\t\t<\/div>\n\t\t\t\t\t<\/div>\n\t\t\t\t\t\t<div class=\"btShowTitle\">\n\t\t\t\t\t\t\t<div class=\"btShowTitleCaptionTxt\"><header class=\"header btClear small\" ><div class=\"dash\"><h4><span class=\"headline\">Complex agricole<\/span><\/h4><\/div><\/header><\/div>\n\t\t\t\t\t\t<\/div><\/div><div class=\"btClear btSeparator topSmallSpaced bottomSmallSpaced noBorder\" ><hr><\/div><\/div><\/div><\/div><\/div><div class=\"boldRow \" ><div class=\"boldRowInner\"><div class=\"rowItem col-md-4 col-ms-12 btTextLeft animate animate-fadein inherit\"  data-width=\"4\"><div class=\"rowItemContent\" ><div class=\"bpgPhoto btZoomInHoverType btHasTitles\" > \n\t\t\t\t\t<a href=\"http:\/\/S\u00e9isme%20dans%20le%20civil%20et%20l\u2019industrie\" target=\"_self\" title=\"Sisma\"><\/a>\n\t\t\t\t\t<div class=\"boldPhotoBox\"><div class=\"bpbItem\"><div class = \"btImage\"><img decoding=\"async\" src=\"https:\/\/riberi.com\/wp-content\/uploads\/2020\/04\/SISMA-640x640.jpg\" alt=\"\" title=\"Sisma\"><\/div><\/div><\/div>\n\t\t\t\t\t<div class=\"captionPane btDarkSkin btTextCenter\">\n\t\t\t\t\t\t<div class=\"captionTable\">\n\t\t\t\t\t\t\t<div class=\"captionCell\">\n\t\t\t\t\t\t\t\t<div class=\"captionTxt\"><header class=\"header btClear extrasmall\" ><div class=\"dash\"><h4><span class=\"headline\">Sisma<\/span><\/h4><\/div><\/header><\/div>\n\t\t\t\t\t\t\t<\/div>\n\t\t\t\t\t\t<\/div>\n\t\t\t\t\t<\/div>\n\t\t\t\t\t\t<div class=\"btShowTitle\">\n\t\t\t\t\t\t\t<div class=\"btShowTitleCaptionTxt\"><header class=\"header btClear small\" ><div class=\"dash\"><h4><span class=\"headline\">Sisma<\/span><\/h4><\/div><\/header><\/div>\n\t\t\t\t\t\t<\/div><\/div><div class=\"btClear btSeparator topSmallSpaced bottomSmallSpaced noBorder\" ><hr><\/div><\/div><\/div><div class=\"rowItem col-md-4 col-ms-12 btTextLeft animate animate-fadein inherit\"  data-width=\"4\"><div class=\"rowItemContent\" ><div class=\"bpgPhoto btZoomInHoverType btHasTitles\" > \n\t\t\t\t\t<a href=\"https:\/\/riberi.com\/fr\/resistance-au-feu\/\" target=\"_self\" title=\"R\u00e9sistance au feu\"><\/a>\n\t\t\t\t\t<div class=\"boldPhotoBox\"><div class=\"bpbItem\"><div class = \"btImage\"><img decoding=\"async\" src=\"https:\/\/riberi.com\/wp-content\/uploads\/2020\/04\/RESISTENZA_FUOCO-640x640.jpg\" alt=\"\" title=\"R\u00e9sistance au feu\"><\/div><\/div><\/div>\n\t\t\t\t\t<div class=\"captionPane btDarkSkin btTextCenter\">\n\t\t\t\t\t\t<div class=\"captionTable\">\n\t\t\t\t\t\t\t<div class=\"captionCell\">\n\t\t\t\t\t\t\t\t<div class=\"captionTxt\"><header class=\"header btClear extrasmall\" ><div class=\"dash\"><h4><span class=\"headline\">R\u00e9sistance au feu<\/span><\/h4><\/div><\/header><\/div>\n\t\t\t\t\t\t\t<\/div>\n\t\t\t\t\t\t<\/div>\n\t\t\t\t\t<\/div>\n\t\t\t\t\t\t<div class=\"btShowTitle\">\n\t\t\t\t\t\t\t<div class=\"btShowTitleCaptionTxt\"><header class=\"header btClear small\" ><div class=\"dash\"><h4><span class=\"headline\">R\u00e9sistance au feu<\/span><\/h4><\/div><\/header><\/div>\n\t\t\t\t\t\t<\/div><\/div><div class=\"btClear btSeparator topSmallSpaced bottomSmallSpaced noBorder\" ><hr><\/div><\/div><\/div><div class=\"rowItem col-md-4 col-ms-12 btTextLeft animate animate-fadein inherit\"  data-width=\"4\"><div class=\"rowItemContent\" ><div class=\"bpgPhoto btZoomInHoverType btHasTitles\" > \n\t\t\t\t\t<a href=\"https:\/\/riberi.com\/fr\/structures-metalliques-appliquees-au-secteur-civil\/\" target=\"_self\" title=\"Structures m\u00e9talliques appliqu\u00e9es au secteur civil\"><\/a>\n\t\t\t\t\t<div class=\"boldPhotoBox\"><div class=\"bpbItem\"><div class = \"btImage\"><img decoding=\"async\" src=\"https:\/\/riberi.com\/wp-content\/uploads\/2020\/04\/STRUTTURE_METALLICHE_NEL_CIVILE-640x640.jpg\" alt=\"\" title=\"Structures m\u00e9talliques appliqu\u00e9es au secteur civil\"><\/div><\/div><\/div>\n\t\t\t\t\t<div class=\"captionPane btDarkSkin btTextCenter\">\n\t\t\t\t\t\t<div class=\"captionTable\">\n\t\t\t\t\t\t\t<div class=\"captionCell\">\n\t\t\t\t\t\t\t\t<div class=\"captionTxt\"><header class=\"header btClear extrasmall\" ><div class=\"dash\"><h4><span class=\"headline\">Structures m\u00e9talliques appliqu\u00e9es au secteur civil<\/span><\/h4><\/div><\/header><\/div>\n\t\t\t\t\t\t\t<\/div>\n\t\t\t\t\t\t<\/div>\n\t\t\t\t\t<\/div>\n\t\t\t\t\t\t<div class=\"btShowTitle\">\n\t\t\t\t\t\t\t<div class=\"btShowTitleCaptionTxt\"><header class=\"header btClear small\" ><div class=\"dash\"><h4><span class=\"headline\">Structures m\u00e9talliques appliqu\u00e9es au secteur civil<\/span><\/h4><\/div><\/header><\/div>\n\t\t\t\t\t\t<\/div><\/div><div class=\"btClear btSeparator topSmallSpaced bottomSmallSpaced noBorder\" ><hr><\/div><\/div><\/div><\/div><\/div><div class=\"boldRow \" ><div class=\"boldRowInner\"><div class=\"rowItem col-md-4 col-ms-12 btTextLeft animate animate-fadein inherit\"  data-width=\"4\"><div class=\"rowItemContent\" ><div class=\"bpgPhoto btZoomInHoverType btHasTitles\" > \n\t\t\t\t\t<a href=\"https:\/\/riberi.com\/fr\/escaliers\/\" target=\"_self\" title=\"Escaliers\"><\/a>\n\t\t\t\t\t<div class=\"boldPhotoBox\"><div class=\"bpbItem\"><div class = \"btImage\"><img decoding=\"async\" src=\"https:\/\/riberi.com\/wp-content\/uploads\/2020\/04\/SCALE-640x640.jpg\" alt=\"\" title=\"Escaliers\"><\/div><\/div><\/div>\n\t\t\t\t\t<div class=\"captionPane btDarkSkin btTextCenter\">\n\t\t\t\t\t\t<div class=\"captionTable\">\n\t\t\t\t\t\t\t<div class=\"captionCell\">\n\t\t\t\t\t\t\t\t<div class=\"captionTxt\"><header class=\"header btClear extrasmall\" ><div class=\"dash\"><h4><span class=\"headline\">Escaliers<\/span><\/h4><\/div><\/header><\/div>\n\t\t\t\t\t\t\t<\/div>\n\t\t\t\t\t\t<\/div>\n\t\t\t\t\t<\/div>\n\t\t\t\t\t\t<div class=\"btShowTitle\">\n\t\t\t\t\t\t\t<div class=\"btShowTitleCaptionTxt\"><header class=\"header btClear small\" ><div class=\"dash\"><h4><span class=\"headline\">Escaliers<\/span><\/h4><\/div><\/header><\/div>\n\t\t\t\t\t\t<\/div><\/div><div class=\"btClear btSeparator topSmallSpaced bottomSmallSpaced noBorder\" ><hr><\/div><\/div><\/div><div class=\"rowItem col-md-4 col-ms-12 btTextLeft animate animate-fadein inherit\"  data-width=\"4\"><div class=\"rowItemContent\" ><div class=\"bpgPhoto btZoomInHoverType btHasTitles\" > \n\t\t\t\t\t<a href=\"https:\/\/riberi.com\/fr\/lignes-de-vie\/\" target=\"_self\" title=\"Lignes de vie\"><\/a>\n\t\t\t\t\t<div class=\"boldPhotoBox\"><div class=\"bpbItem\"><div class = \"btImage\"><img decoding=\"async\" src=\"https:\/\/riberi.com\/wp-content\/uploads\/2020\/04\/LINEE_VITA-640x640.jpeg\" alt=\"\" title=\"Lignes de vie\"><\/div><\/div><\/div>\n\t\t\t\t\t<div class=\"captionPane btDarkSkin btTextCenter\">\n\t\t\t\t\t\t<div class=\"captionTable\">\n\t\t\t\t\t\t\t<div class=\"captionCell\">\n\t\t\t\t\t\t\t\t<div class=\"captionTxt\"><header class=\"header btClear extrasmall\" ><div class=\"dash\"><h4><span class=\"headline\">Lignes de vie<\/span><\/h4><\/div><\/header><\/div>\n\t\t\t\t\t\t\t<\/div>\n\t\t\t\t\t\t<\/div>\n\t\t\t\t\t<\/div>\n\t\t\t\t\t\t<div class=\"btShowTitle\">\n\t\t\t\t\t\t\t<div class=\"btShowTitleCaptionTxt\"><header class=\"header btClear small\" ><div class=\"dash\"><h4><span class=\"headline\">Lignes de vie<\/span><\/h4><\/div><\/header><\/div>\n\t\t\t\t\t\t<\/div><\/div><div class=\"btClear btSeparator topSmallSpaced bottomSmallSpaced noBorder\" ><hr><\/div><\/div><\/div><div class=\"rowItem col-md-4 col-ms-12 btTextLeft animate animate-fadein inherit\"  data-width=\"4\"><div class=\"rowItemContent\" ><div class=\"bpgPhoto btZoomInHoverType btHasTitles\" > \n\t\t\t\t\t<a href=\"https:\/\/riberi.com\/fr\/photovoltaque\/\" target=\"_self\" title=\"Photovoltaique\"><\/a>\n\t\t\t\t\t<div class=\"boldPhotoBox\"><div class=\"bpbItem\"><div class = \"btImage\"><img decoding=\"async\" src=\"https:\/\/riberi.com\/wp-content\/uploads\/2020\/04\/FOTOVOLTAICO-640x640.jpg\" alt=\"\" title=\"Photovoltaique\"><\/div><\/div><\/div>\n\t\t\t\t\t<div class=\"captionPane btDarkSkin btTextCenter\">\n\t\t\t\t\t\t<div class=\"captionTable\">\n\t\t\t\t\t\t\t<div class=\"captionCell\">\n\t\t\t\t\t\t\t\t<div class=\"captionTxt\"><header class=\"header btClear extrasmall\" ><div class=\"dash\"><h4><span class=\"headline\">Photovoltaique<\/span><\/h4><\/div><\/header><\/div>\n\t\t\t\t\t\t\t<\/div>\n\t\t\t\t\t\t<\/div>\n\t\t\t\t\t<\/div>\n\t\t\t\t\t\t<div class=\"btShowTitle\">\n\t\t\t\t\t\t\t<div class=\"btShowTitleCaptionTxt\"><header class=\"header btClear small\" ><div class=\"dash\"><h4><span class=\"headline\">Photovoltaique<\/span><\/h4><\/div><\/header><\/div>\n\t\t\t\t\t\t<\/div><\/div><div class=\"btClear btSeparator topSmallSpaced bottomSmallSpaced noBorder\" ><hr><\/div><\/div><\/div><\/div><\/div><div class=\"boldRow \" ><div class=\"boldRowInner\"><div class=\"rowItem col-md-12 col-ms-12  btTextLeft\"  data-width=\"12\"><div class=\"rowItemContent\" ><div class=\"btClear btSeparator topSmallSpaced bottomSmallSpaced noBorder\" ><hr><\/div><\/div><\/div><\/div><\/div><\/div><\/div><\/div><\/section>\n","protected":false},"excerpt":{"rendered":"<p>RIBERI P. COSTRUZIONI ABBRACCIA DIFFERENTI SETTORI DELLE COSTRUZIONI IN ACCIAIO CON COMPETENZA E PREPARAZIONE <\/p>\n","protected":false},"author":1,"featured_media":3861,"parent":0,"menu_order":0,"comment_status":"closed","ping_status":"closed","template":"","meta":{"footnotes":""},"class_list":["post-4648","page","type-page","status-publish","has-post-thumbnail","hentry"],"yoast_head":"<!-- This site is optimized with the Yoast SEO plugin v25.3.1 - https:\/\/yoast.com\/wordpress\/plugins\/seo\/ -->\n<title>Nos services : de la fa\u00e7ade industrielle aux installations photovolta\u00efques<\/title>\n<meta name=\"description\" content=\"D\u00e9couvrez tous nos services : fa\u00e7ades industrielles, structures pour constructions civiles, industrielles et agricoles, lignes de vie, installations photovolta\u00efques et bien plus encore !\" \/>\n<meta name=\"robots\" content=\"index, follow, max-snippet:-1, max-image-preview:large, max-video-preview:-1\" \/>\n<link rel=\"canonical\" href=\"https:\/\/riberi.com\/fr\/services\/\" \/>\n<meta property=\"og:locale\" content=\"fr_FR\" \/>\n<meta property=\"og:type\" content=\"article\" \/>\n<meta property=\"og:title\" content=\"Nos services : de la fa\u00e7ade industrielle aux installations photovolta\u00efques\" \/>\n<meta property=\"og:description\" content=\"D\u00e9couvrez tous nos services : fa\u00e7ades industrielles, structures pour constructions civiles, industrielles et agricoles, lignes de vie, installations photovolta\u00efques et bien plus encore !\" \/>\n<meta property=\"og:url\" content=\"https:\/\/riberi.com\/fr\/services\/\" \/>\n<meta property=\"og:site_name\" content=\"RIBERI P\" \/>\n<meta property=\"article:publisher\" content=\"https:\/\/www.facebook.com\/riberipcostruzioni\/\" \/>\n<meta property=\"article:modified_time\" content=\"2025-06-27T10:03:56+00:00\" \/>\n<meta property=\"og:image\" content=\"https:\/\/riberi.com\/wp-content\/uploads\/2016\/09\/hero_inner_page.jpg\" \/>\n\t<meta property=\"og:image:width\" content=\"1280\" \/>\n\t<meta property=\"og:image:height\" content=\"640\" \/>\n\t<meta property=\"og:image:type\" content=\"image\/jpeg\" \/>\n<meta name=\"twitter:card\" content=\"summary_large_image\" \/>\n<meta name=\"twitter:label1\" content=\"Dur\u00e9e de lecture estim\u00e9e\" \/>\n\t<meta name=\"twitter:data1\" content=\"3 minutes\" \/>\n<script type=\"application\/ld+json\" class=\"yoast-schema-graph\">{\"@context\":\"https:\/\/schema.org\",\"@graph\":[{\"@type\":\"WebPage\",\"@id\":\"https:\/\/riberi.com\/fr\/services\/\",\"url\":\"https:\/\/riberi.com\/fr\/services\/\",\"name\":\"Nos services : de la fa\u00e7ade industrielle aux installations photovolta\u00efques\",\"isPartOf\":{\"@id\":\"https:\/\/riberi.com\/#website\"},\"primaryImageOfPage\":{\"@id\":\"https:\/\/riberi.com\/fr\/services\/#primaryimage\"},\"image\":{\"@id\":\"https:\/\/riberi.com\/fr\/services\/#primaryimage\"},\"thumbnailUrl\":\"https:\/\/riberi.com\/wp-content\/uploads\/2016\/09\/hero_inner_page.jpg\",\"datePublished\":\"2016-10-21T12:50:03+00:00\",\"dateModified\":\"2025-06-27T10:03:56+00:00\",\"description\":\"D\u00e9couvrez tous nos services : fa\u00e7ades industrielles, structures pour constructions civiles, industrielles et agricoles, lignes de vie, installations photovolta\u00efques et bien plus encore !\",\"breadcrumb\":{\"@id\":\"https:\/\/riberi.com\/fr\/services\/#breadcrumb\"},\"inLanguage\":\"fr-FR\",\"potentialAction\":[{\"@type\":\"ReadAction\",\"target\":[\"https:\/\/riberi.com\/fr\/services\/\"]}]},{\"@type\":\"ImageObject\",\"inLanguage\":\"fr-FR\",\"@id\":\"https:\/\/riberi.com\/fr\/services\/#primaryimage\",\"url\":\"https:\/\/riberi.com\/wp-content\/uploads\/2016\/09\/hero_inner_page.jpg\",\"contentUrl\":\"https:\/\/riberi.com\/wp-content\/uploads\/2016\/09\/hero_inner_page.jpg\",\"width\":1280,\"height\":640,\"caption\":\"\"},{\"@type\":\"BreadcrumbList\",\"@id\":\"https:\/\/riberi.com\/fr\/services\/#breadcrumb\",\"itemListElement\":[{\"@type\":\"ListItem\",\"position\":1,\"name\":\"Home\",\"item\":\"https:\/\/riberi.com\/fr\/\"},{\"@type\":\"ListItem\",\"position\":2,\"name\":\"Prestations de service\"}]},{\"@type\":\"WebSite\",\"@id\":\"https:\/\/riberi.com\/#website\",\"url\":\"https:\/\/riberi.com\/\",\"name\":\"Riberi P - Costruzioni\",\"description\":\"Costruzioni industriali industriali, civili e agricole\",\"publisher\":{\"@id\":\"https:\/\/riberi.com\/#organization\"},\"alternateName\":\"Riberi P - Costruzioni industriali industriali, civili e agricole\",\"potentialAction\":[{\"@type\":\"SearchAction\",\"target\":{\"@type\":\"EntryPoint\",\"urlTemplate\":\"https:\/\/riberi.com\/?s={search_term_string}\"},\"query-input\":{\"@type\":\"PropertyValueSpecification\",\"valueRequired\":true,\"valueName\":\"search_term_string\"}}],\"inLanguage\":\"fr-FR\"},{\"@type\":\"Organization\",\"@id\":\"https:\/\/riberi.com\/#organization\",\"name\":\"Riberi P - Costruzioni\",\"alternateName\":\"Riberi P - Costruzioni industriali industriali, civili e agricole\",\"url\":\"https:\/\/riberi.com\/\",\"logo\":{\"@type\":\"ImageObject\",\"inLanguage\":\"fr-FR\",\"@id\":\"https:\/\/riberi.com\/#\/schema\/logo\/image\/\",\"url\":\"https:\/\/riberi.com\/wp-content\/uploads\/2020\/04\/logo-riberi.png\",\"contentUrl\":\"https:\/\/riberi.com\/wp-content\/uploads\/2020\/04\/logo-riberi.png\",\"width\":660,\"height\":300,\"caption\":\"Riberi P - Costruzioni\"},\"image\":{\"@id\":\"https:\/\/riberi.com\/#\/schema\/logo\/image\/\"},\"sameAs\":[\"https:\/\/www.facebook.com\/riberipcostruzioni\/\"]}]}<\/script>\n<!-- \/ Yoast SEO plugin. -->","yoast_head_json":{"title":"Nos services : de la fa\u00e7ade industrielle aux installations photovolta\u00efques","description":"D\u00e9couvrez tous nos services : fa\u00e7ades industrielles, structures pour constructions civiles, industrielles et agricoles, lignes de vie, installations photovolta\u00efques et bien plus encore !","robots":{"index":"index","follow":"follow","max-snippet":"max-snippet:-1","max-image-preview":"max-image-preview:large","max-video-preview":"max-video-preview:-1"},"canonical":"https:\/\/riberi.com\/fr\/services\/","og_locale":"fr_FR","og_type":"article","og_title":"Nos services : de la fa\u00e7ade industrielle aux installations photovolta\u00efques","og_description":"D\u00e9couvrez tous nos services : fa\u00e7ades industrielles, structures pour constructions civiles, industrielles et agricoles, lignes de vie, installations photovolta\u00efques et bien plus encore !","og_url":"https:\/\/riberi.com\/fr\/services\/","og_site_name":"RIBERI P","article_publisher":"https:\/\/www.facebook.com\/riberipcostruzioni\/","article_modified_time":"2025-06-27T10:03:56+00:00","og_image":[{"width":1280,"height":640,"url":"https:\/\/riberi.com\/wp-content\/uploads\/2016\/09\/hero_inner_page.jpg","type":"image\/jpeg"}],"twitter_card":"summary_large_image","twitter_misc":{"Dur\u00e9e de lecture estim\u00e9e":"3 minutes"},"schema":{"@context":"https:\/\/schema.org","@graph":[{"@type":"WebPage","@id":"https:\/\/riberi.com\/fr\/services\/","url":"https:\/\/riberi.com\/fr\/services\/","name":"Nos services : de la fa\u00e7ade industrielle aux installations photovolta\u00efques","isPartOf":{"@id":"https:\/\/riberi.com\/#website"},"primaryImageOfPage":{"@id":"https:\/\/riberi.com\/fr\/services\/#primaryimage"},"image":{"@id":"https:\/\/riberi.com\/fr\/services\/#primaryimage"},"thumbnailUrl":"https:\/\/riberi.com\/wp-content\/uploads\/2016\/09\/hero_inner_page.jpg","datePublished":"2016-10-21T12:50:03+00:00","dateModified":"2025-06-27T10:03:56+00:00","description":"D\u00e9couvrez tous nos services : fa\u00e7ades industrielles, structures pour constructions civiles, industrielles et agricoles, lignes de vie, installations photovolta\u00efques et bien plus encore !","breadcrumb":{"@id":"https:\/\/riberi.com\/fr\/services\/#breadcrumb"},"inLanguage":"fr-FR","potentialAction":[{"@type":"ReadAction","target":["https:\/\/riberi.com\/fr\/services\/"]}]},{"@type":"ImageObject","inLanguage":"fr-FR","@id":"https:\/\/riberi.com\/fr\/services\/#primaryimage","url":"https:\/\/riberi.com\/wp-content\/uploads\/2016\/09\/hero_inner_page.jpg","contentUrl":"https:\/\/riberi.com\/wp-content\/uploads\/2016\/09\/hero_inner_page.jpg","width":1280,"height":640,"caption":""},{"@type":"BreadcrumbList","@id":"https:\/\/riberi.com\/fr\/services\/#breadcrumb","itemListElement":[{"@type":"ListItem","position":1,"name":"Home","item":"https:\/\/riberi.com\/fr\/"},{"@type":"ListItem","position":2,"name":"Prestations de service"}]},{"@type":"WebSite","@id":"https:\/\/riberi.com\/#website","url":"https:\/\/riberi.com\/","name":"Riberi P - Costruzioni","description":"Costruzioni industriali industriali, civili e agricole","publisher":{"@id":"https:\/\/riberi.com\/#organization"},"alternateName":"Riberi P - Costruzioni industriali industriali, civili e agricole","potentialAction":[{"@type":"SearchAction","target":{"@type":"EntryPoint","urlTemplate":"https:\/\/riberi.com\/?s={search_term_string}"},"query-input":{"@type":"PropertyValueSpecification","valueRequired":true,"valueName":"search_term_string"}}],"inLanguage":"fr-FR"},{"@type":"Organization","@id":"https:\/\/riberi.com\/#organization","name":"Riberi P - Costruzioni","alternateName":"Riberi P - Costruzioni industriali industriali, civili e agricole","url":"https:\/\/riberi.com\/","logo":{"@type":"ImageObject","inLanguage":"fr-FR","@id":"https:\/\/riberi.com\/#\/schema\/logo\/image\/","url":"https:\/\/riberi.com\/wp-content\/uploads\/2020\/04\/logo-riberi.png","contentUrl":"https:\/\/riberi.com\/wp-content\/uploads\/2020\/04\/logo-riberi.png","width":660,"height":300,"caption":"Riberi P - Costruzioni"},"image":{"@id":"https:\/\/riberi.com\/#\/schema\/logo\/image\/"},"sameAs":["https:\/\/www.facebook.com\/riberipcostruzioni\/"]}]}},"_links":{"self":[{"href":"https:\/\/riberi.com\/fr\/wp-json\/wp\/v2\/pages\/4648","targetHints":{"allow":["GET"]}}],"collection":[{"href":"https:\/\/riberi.com\/fr\/wp-json\/wp\/v2\/pages"}],"about":[{"href":"https:\/\/riberi.com\/fr\/wp-json\/wp\/v2\/types\/page"}],"author":[{"embeddable":true,"href":"https:\/\/riberi.com\/fr\/wp-json\/wp\/v2\/users\/1"}],"replies":[{"embeddable":true,"href":"https:\/\/riberi.com\/fr\/wp-json\/wp\/v2\/comments?post=4648"}],"version-history":[{"count":3,"href":"https:\/\/riberi.com\/fr\/wp-json\/wp\/v2\/pages\/4648\/revisions"}],"predecessor-version":[{"id":4676,"href":"https:\/\/riberi.com\/fr\/wp-json\/wp\/v2\/pages\/4648\/revisions\/4676"}],"wp:featuredmedia":[{"embeddable":true,"href":"https:\/\/riberi.com\/fr\/wp-json\/wp\/v2\/media\/3861"}],"wp:attachment":[{"href":"https:\/\/riberi.com\/fr\/wp-json\/wp\/v2\/media?parent=4648"}],"curies":[{"name":"wp","href":"https:\/\/api.w.org\/{rel}","templated":true}]}}