{"id":4634,"date":"2016-08-01T14:32:09","date_gmt":"2016-08-01T14:32:09","guid":{"rendered":"https:\/\/riberi.com\/contatti\/"},"modified":"2025-07-17T12:02:41","modified_gmt":"2025-07-17T10:02:41","slug":"contacts","status":"publish","type":"page","link":"https:\/\/riberi.com\/fr\/contacts\/","title":{"rendered":"Contacts"},"content":{"rendered":"<section id=\"bt_section69e211a00a28d\"  class=\"boldSection gutter boxed inherit\" ><div class=\"port\"><div class=\"boldCell\"><div class=\"boldCellInner\"><div class=\"boldRow \" ><div class=\"boldRowInner\"><div class=\"rowItem col-md-6 col-sm-12 btTextLeft animate animate-fadein inherit btLightSkin\"  data-width=\"6\"><div class=\"rowItemContent\" style = \"background-color: rgba(255, 255, 255, 0.6); \"><div class=\"boldRow \" style=\"max-width: 580px; float: right;\"><div class=\"boldRowInner\"><div class=\"rowItem rowInnerItem col-sm-12  btTextLeft\"  ><div class=\"rowItemContent\"><div class=\"btClear btSeparator topSemiSpaced noBorder\" ><hr><\/div><header class=\"header btClear large  bold\" ><div class=\"dash\"><h2><span class=\"headline\"><b class=\"animate\">Demandez des informations<\/b><\/span><\/h2><\/div><div class=\"btSubTitle\">Pour plus d\u2019informations, veuillez remplir le formulaire ci-dessous.<\/div><\/header><div class=\"btClear btSeparator topSmallSpaced noBorder\" ><hr><\/div><span class=\"btIco btIcoDefaultType btIcoSmallSize btIcoDefaultColor btIconCircleShape\"><span  data-ico-fa=\"&#xf041;\" class=\"btIcoHolder\"><span> Via Laghi di Avigliana,<br \/>\n189 12022 Busca (CN) <\/span><\/span><\/span><div class=\"btClear btSeparator bottomSmallSpaced noBorder\" ><hr><\/div><span class=\"btIco btIcoDefaultType btIcoSmallSize btIcoDefaultColor btIconCircleShape\"><a href=\"tel:+3930171945266%20\"  target=\"no_target\" data-ico-fa=\"&#xf095;\" class=\"btIcoHolder\"><span>+39 0171.945266 <\/span><\/a><\/span><div class=\"btClear btSeparator bottomSmallSpaced noBorder\" ><hr><\/div><span class=\"btIco btIcoDefaultType btIcoSmallSize btIcoDefaultColor btIconCircleShape\"><span  data-ico-fa=\"&#xf1ac;\" class=\"btIcoHolder\"><span>+39 0171.945267<\/span><\/span><\/span><div class=\"btClear btSeparator bottomSmallSpaced noBorder\" ><hr><\/div><span class=\"btIco btIcoDefaultType btIcoSmallSize btIcoDefaultColor btIconCircleShape\"><a href=\"mailto:info@riberi.com\"  target=\"_self\" data-ico-fa=\"&#xf0e0;\" class=\"btIcoHolder\"><span>info@riberi.com<\/span><\/a><\/span><div class=\"btClear btSeparator bottomSmallSpaced noBorder\" ><hr><\/div><div class=\"btText\" ><\/p>\n<div class=\"wpcf7 no-js\" id=\"wpcf7-f4573-o1\" lang=\"it-IT\" dir=\"ltr\" data-wpcf7-id=\"4573\">\n<div class=\"screen-reader-response\">\n<p role=\"status\" aria-live=\"polite\" aria-atomic=\"true\">\n<ul><\/ul>\n<\/div>\n<form action=\"\/fr\/wp-json\/wp\/v2\/pages\/4634#wpcf7-f4573-o1\" method=\"post\" class=\"wpcf7-form init\" aria-label=\"Modulo di contatto\" novalidate=\"novalidate\" data-status=\"init\">\n<div style=\"display: none;\">\n<input type=\"hidden\" name=\"_wpcf7\" value=\"4573\" \/><br \/>\n<input type=\"hidden\" name=\"_wpcf7_version\" value=\"6.0.6\" \/><br \/>\n<input type=\"hidden\" name=\"_wpcf7_locale\" value=\"it_IT\" \/><br \/>\n<input type=\"hidden\" name=\"_wpcf7_unit_tag\" value=\"wpcf7-f4573-o1\" \/><br \/>\n<input type=\"hidden\" name=\"_wpcf7_container_post\" value=\"0\" \/><br \/>\n<input type=\"hidden\" name=\"_wpcf7_posted_data_hash\" value=\"\" \/>\n<\/div>\n<p><span class=\"wpcf7-form-control-wrap\" data-name=\"your-name\"><input size=\"40\" maxlength=\"400\" class=\"wpcf7-form-control wpcf7-text wpcf7-validates-as-required\" aria-required=\"true\" aria-invalid=\"false\" placeholder=\"Nom*\" value=\"\" type=\"text\" name=\"your-name\" \/><\/span>\n<\/p>\n<p><span class=\"wpcf7-form-control-wrap\" data-name=\"your-email\"><input size=\"40\" maxlength=\"400\" class=\"wpcf7-form-control wpcf7-email wpcf7-validates-as-required wpcf7-text wpcf7-validates-as-email\" aria-required=\"true\" aria-invalid=\"false\" placeholder=\"Email*\" value=\"\" type=\"email\" name=\"your-email\" \/><\/span>\n<\/p>\n<p><span class=\"wpcf7-form-control-wrap\" data-name=\"your-phone\"><input size=\"40\" maxlength=\"400\" class=\"wpcf7-form-control wpcf7-tel wpcf7-text wpcf7-validates-as-tel\" aria-invalid=\"false\" placeholder=\"T\u00e9l\u00e9phone\" value=\"\" type=\"tel\" name=\"your-phone\" \/><\/span>\n<\/p>\n<p><span class=\"wpcf7-form-control-wrap\" data-name=\"your-message\"><textarea cols=\"40\" rows=\"3\" maxlength=\"2000\" class=\"wpcf7-form-control wpcf7-textarea wpcf7-validates-as-required\" aria-required=\"true\" aria-invalid=\"false\" placeholder=\"Message*\" name=\"your-message\"><\/textarea><\/span>\n<\/p>\n<div class=\"trattamento\">\n<p><span class=\"wpcf7-form-control-wrap\" data-name=\"privacy\"><span class=\"wpcf7-form-control wpcf7-acceptance\"><span class=\"wpcf7-list-item\"><label><input type=\"checkbox\" name=\"privacy\" value=\"1\" aria-invalid=\"false\" \/><span class=\"wpcf7-list-item-label\"><span style=\"display:none;\">Acconsento privacy<\/span><\/span><\/label><\/span><\/span><\/span><label class=\"testo_privacy\">Je consens au traitement des donn\u00e9es personnelles fournies afin de recevoir une r\u00e9ponse \u00e0 cette demande conform\u00e9ment \u00e0 notre <a href=\"http:\/\/riberi.com\/wp-content\/uploads\/2020\/05\/Informativa-sito.pdf\" target=\"_blank\" title=\"Privacy Policy\"> politique de confidentialit\u00e9<\/a>.<\/label>\n\t<\/p>\n<\/div>\n<p><input class=\"wpcf7-form-control wpcf7-submit has-spinner\" type=\"submit\" value=\"Envoyer\" \/>\n<\/p>\n<div class=\"wpcf7-response-output\" aria-hidden=\"true\"><\/div>\n<\/form>\n<\/div>\n<p>\n<\/div><div class=\"btClear btSeparator topSemiSpaced noBorder\" ><hr><\/div><\/div><\/div><\/div><\/div><\/div><\/div><div class=\"rowItem col-md-6 col-sm-12 btTextLeft animate animate-fadein inherit column_map\"  data-width=\"6\"><div class=\"rowItemContent\" ><div class=\"btClear btSeparator topSemiSpaced noBorder\" ><hr><\/div><div class=\"btText\" ><\/p>\n<p><iframe style=\"width: 100%; height: 600px;\" tabindex=\"0\" src=\"https:\/\/www.google.com\/maps\/embed?pb=!1m18!1m12!1m3!1d5687.986163214854!2d7.479980670088531!3d44.53577421122316!2m3!1f0!2f0!3f0!3m2!1i1024!2i768!4f13.1!3m3!1m2!1s0x12cd46d5b25864ab%3A0x204e59f7c6b1c91f!2sVia%20Laghi%20di%20Avigliana%2C%20189%2C%2012022%20Busca%20CN!5e0!3m2!1sit!2sit!4v1587237028074!5m2!1sit!2sit\" frameborder=\"0\" allowfullscreen=\"allowfullscreen\" aria-hidden=\"false\"><\/iframe><\/p>\n<p>\n<\/div><\/div><\/div><\/div><\/div><\/div><\/div><\/div><\/section>\n","protected":false},"excerpt":{"rendered":"","protected":false},"author":2,"featured_media":3861,"parent":0,"menu_order":0,"comment_status":"closed","ping_status":"closed","template":"","meta":{"footnotes":""},"class_list":["post-4634","page","type-page","status-publish","has-post-thumbnail","hentry"],"yoast_head":"<!-- This site is optimized with the Yoast SEO plugin v25.3.1 - https:\/\/yoast.com\/wordpress\/plugins\/seo\/ -->\n<title>Contacts de Riberi P. Costruzioni : demandes et devis<\/title>\n<meta name=\"description\" content=\"Vous souhaitez plus d&#039;informations ou un devis ? Contactez Riberi P. Costruzioni, entreprise sp\u00e9cialis\u00e9e dans la construction industrielle, civile et agricole \u00e0 Cuneo!\" \/>\n<meta name=\"robots\" content=\"index, follow, max-snippet:-1, max-image-preview:large, max-video-preview:-1\" \/>\n<link rel=\"canonical\" href=\"https:\/\/riberi.com\/fr\/contacts\/\" \/>\n<meta property=\"og:locale\" content=\"fr_FR\" \/>\n<meta property=\"og:type\" content=\"article\" \/>\n<meta property=\"og:title\" content=\"Contacts de Riberi P. Costruzioni : demandes et devis\" \/>\n<meta property=\"og:description\" content=\"Vous souhaitez plus d&#039;informations ou un devis ? Contactez Riberi P. Costruzioni, entreprise sp\u00e9cialis\u00e9e dans la construction industrielle, civile et agricole \u00e0 Cuneo!\" \/>\n<meta property=\"og:url\" content=\"https:\/\/riberi.com\/fr\/contacts\/\" \/>\n<meta property=\"og:site_name\" content=\"RIBERI P\" \/>\n<meta property=\"article:publisher\" content=\"https:\/\/www.facebook.com\/riberipcostruzioni\/\" \/>\n<meta property=\"article:modified_time\" content=\"2025-07-17T10:02:41+00:00\" \/>\n<meta property=\"og:image\" content=\"https:\/\/riberi.com\/wp-content\/uploads\/2016\/09\/hero_inner_page.jpg\" \/>\n\t<meta property=\"og:image:width\" content=\"1280\" \/>\n\t<meta property=\"og:image:height\" content=\"640\" \/>\n\t<meta property=\"og:image:type\" content=\"image\/jpeg\" \/>\n<meta name=\"twitter:card\" content=\"summary_large_image\" \/>\n<meta name=\"twitter:label1\" content=\"Dur\u00e9e de lecture estim\u00e9e\" \/>\n\t<meta name=\"twitter:data1\" content=\"1 minute\" \/>\n<script type=\"application\/ld+json\" class=\"yoast-schema-graph\">{\"@context\":\"https:\/\/schema.org\",\"@graph\":[{\"@type\":[\"WebPage\",\"ContactPage\"],\"@id\":\"https:\/\/riberi.com\/fr\/contacts\/\",\"url\":\"https:\/\/riberi.com\/fr\/contacts\/\",\"name\":\"Contacts de Riberi P. Costruzioni : demandes et devis\",\"isPartOf\":{\"@id\":\"https:\/\/riberi.com\/#website\"},\"primaryImageOfPage\":{\"@id\":\"https:\/\/riberi.com\/fr\/contacts\/#primaryimage\"},\"image\":{\"@id\":\"https:\/\/riberi.com\/fr\/contacts\/#primaryimage\"},\"thumbnailUrl\":\"https:\/\/riberi.com\/wp-content\/uploads\/2016\/09\/hero_inner_page.jpg\",\"datePublished\":\"2016-08-01T14:32:09+00:00\",\"dateModified\":\"2025-07-17T10:02:41+00:00\",\"description\":\"Vous souhaitez plus d'informations ou un devis ? Contactez Riberi P. Costruzioni, entreprise sp\u00e9cialis\u00e9e dans la construction industrielle, civile et agricole \u00e0 Cuneo!\",\"breadcrumb\":{\"@id\":\"https:\/\/riberi.com\/fr\/contacts\/#breadcrumb\"},\"inLanguage\":\"fr-FR\",\"potentialAction\":[{\"@type\":\"ReadAction\",\"target\":[\"https:\/\/riberi.com\/fr\/contacts\/\"]}]},{\"@type\":\"ImageObject\",\"inLanguage\":\"fr-FR\",\"@id\":\"https:\/\/riberi.com\/fr\/contacts\/#primaryimage\",\"url\":\"https:\/\/riberi.com\/wp-content\/uploads\/2016\/09\/hero_inner_page.jpg\",\"contentUrl\":\"https:\/\/riberi.com\/wp-content\/uploads\/2016\/09\/hero_inner_page.jpg\",\"width\":1280,\"height\":640,\"caption\":\"\"},{\"@type\":\"BreadcrumbList\",\"@id\":\"https:\/\/riberi.com\/fr\/contacts\/#breadcrumb\",\"itemListElement\":[{\"@type\":\"ListItem\",\"position\":1,\"name\":\"Home\",\"item\":\"https:\/\/riberi.com\/fr\/\"},{\"@type\":\"ListItem\",\"position\":2,\"name\":\"Contacts\"}]},{\"@type\":\"WebSite\",\"@id\":\"https:\/\/riberi.com\/#website\",\"url\":\"https:\/\/riberi.com\/\",\"name\":\"Riberi P - Costruzioni\",\"description\":\"Costruzioni industriali industriali, civili e agricole\",\"publisher\":{\"@id\":\"https:\/\/riberi.com\/#organization\"},\"alternateName\":\"Riberi P - Costruzioni industriali industriali, civili e agricole\",\"potentialAction\":[{\"@type\":\"SearchAction\",\"target\":{\"@type\":\"EntryPoint\",\"urlTemplate\":\"https:\/\/riberi.com\/?s={search_term_string}\"},\"query-input\":{\"@type\":\"PropertyValueSpecification\",\"valueRequired\":true,\"valueName\":\"search_term_string\"}}],\"inLanguage\":\"fr-FR\"},{\"@type\":\"Organization\",\"@id\":\"https:\/\/riberi.com\/#organization\",\"name\":\"Riberi P - Costruzioni\",\"alternateName\":\"Riberi P - Costruzioni industriali industriali, civili e agricole\",\"url\":\"https:\/\/riberi.com\/\",\"logo\":{\"@type\":\"ImageObject\",\"inLanguage\":\"fr-FR\",\"@id\":\"https:\/\/riberi.com\/#\/schema\/logo\/image\/\",\"url\":\"https:\/\/riberi.com\/wp-content\/uploads\/2020\/04\/logo-riberi.png\",\"contentUrl\":\"https:\/\/riberi.com\/wp-content\/uploads\/2020\/04\/logo-riberi.png\",\"width\":660,\"height\":300,\"caption\":\"Riberi P - Costruzioni\"},\"image\":{\"@id\":\"https:\/\/riberi.com\/#\/schema\/logo\/image\/\"},\"sameAs\":[\"https:\/\/www.facebook.com\/riberipcostruzioni\/\"]}]}<\/script>\n<!-- \/ Yoast SEO plugin. -->","yoast_head_json":{"title":"Contacts de Riberi P. Costruzioni : demandes et devis","description":"Vous souhaitez plus d'informations ou un devis ? Contactez Riberi P. Costruzioni, entreprise sp\u00e9cialis\u00e9e dans la construction industrielle, civile et agricole \u00e0 Cuneo!","robots":{"index":"index","follow":"follow","max-snippet":"max-snippet:-1","max-image-preview":"max-image-preview:large","max-video-preview":"max-video-preview:-1"},"canonical":"https:\/\/riberi.com\/fr\/contacts\/","og_locale":"fr_FR","og_type":"article","og_title":"Contacts de Riberi P. Costruzioni : demandes et devis","og_description":"Vous souhaitez plus d'informations ou un devis ? Contactez Riberi P. Costruzioni, entreprise sp\u00e9cialis\u00e9e dans la construction industrielle, civile et agricole \u00e0 Cuneo!","og_url":"https:\/\/riberi.com\/fr\/contacts\/","og_site_name":"RIBERI P","article_publisher":"https:\/\/www.facebook.com\/riberipcostruzioni\/","article_modified_time":"2025-07-17T10:02:41+00:00","og_image":[{"width":1280,"height":640,"url":"https:\/\/riberi.com\/wp-content\/uploads\/2016\/09\/hero_inner_page.jpg","type":"image\/jpeg"}],"twitter_card":"summary_large_image","twitter_misc":{"Dur\u00e9e de lecture estim\u00e9e":"1 minute"},"schema":{"@context":"https:\/\/schema.org","@graph":[{"@type":["WebPage","ContactPage"],"@id":"https:\/\/riberi.com\/fr\/contacts\/","url":"https:\/\/riberi.com\/fr\/contacts\/","name":"Contacts de Riberi P. Costruzioni : demandes et devis","isPartOf":{"@id":"https:\/\/riberi.com\/#website"},"primaryImageOfPage":{"@id":"https:\/\/riberi.com\/fr\/contacts\/#primaryimage"},"image":{"@id":"https:\/\/riberi.com\/fr\/contacts\/#primaryimage"},"thumbnailUrl":"https:\/\/riberi.com\/wp-content\/uploads\/2016\/09\/hero_inner_page.jpg","datePublished":"2016-08-01T14:32:09+00:00","dateModified":"2025-07-17T10:02:41+00:00","description":"Vous souhaitez plus d'informations ou un devis ? Contactez Riberi P. Costruzioni, entreprise sp\u00e9cialis\u00e9e dans la construction industrielle, civile et agricole \u00e0 Cuneo!","breadcrumb":{"@id":"https:\/\/riberi.com\/fr\/contacts\/#breadcrumb"},"inLanguage":"fr-FR","potentialAction":[{"@type":"ReadAction","target":["https:\/\/riberi.com\/fr\/contacts\/"]}]},{"@type":"ImageObject","inLanguage":"fr-FR","@id":"https:\/\/riberi.com\/fr\/contacts\/#primaryimage","url":"https:\/\/riberi.com\/wp-content\/uploads\/2016\/09\/hero_inner_page.jpg","contentUrl":"https:\/\/riberi.com\/wp-content\/uploads\/2016\/09\/hero_inner_page.jpg","width":1280,"height":640,"caption":""},{"@type":"BreadcrumbList","@id":"https:\/\/riberi.com\/fr\/contacts\/#breadcrumb","itemListElement":[{"@type":"ListItem","position":1,"name":"Home","item":"https:\/\/riberi.com\/fr\/"},{"@type":"ListItem","position":2,"name":"Contacts"}]},{"@type":"WebSite","@id":"https:\/\/riberi.com\/#website","url":"https:\/\/riberi.com\/","name":"Riberi P - Costruzioni","description":"Costruzioni industriali industriali, civili e agricole","publisher":{"@id":"https:\/\/riberi.com\/#organization"},"alternateName":"Riberi P - Costruzioni industriali industriali, civili e agricole","potentialAction":[{"@type":"SearchAction","target":{"@type":"EntryPoint","urlTemplate":"https:\/\/riberi.com\/?s={search_term_string}"},"query-input":{"@type":"PropertyValueSpecification","valueRequired":true,"valueName":"search_term_string"}}],"inLanguage":"fr-FR"},{"@type":"Organization","@id":"https:\/\/riberi.com\/#organization","name":"Riberi P - Costruzioni","alternateName":"Riberi P - Costruzioni industriali industriali, civili e agricole","url":"https:\/\/riberi.com\/","logo":{"@type":"ImageObject","inLanguage":"fr-FR","@id":"https:\/\/riberi.com\/#\/schema\/logo\/image\/","url":"https:\/\/riberi.com\/wp-content\/uploads\/2020\/04\/logo-riberi.png","contentUrl":"https:\/\/riberi.com\/wp-content\/uploads\/2020\/04\/logo-riberi.png","width":660,"height":300,"caption":"Riberi P - Costruzioni"},"image":{"@id":"https:\/\/riberi.com\/#\/schema\/logo\/image\/"},"sameAs":["https:\/\/www.facebook.com\/riberipcostruzioni\/"]}]}},"_links":{"self":[{"href":"https:\/\/riberi.com\/fr\/wp-json\/wp\/v2\/pages\/4634","targetHints":{"allow":["GET"]}}],"collection":[{"href":"https:\/\/riberi.com\/fr\/wp-json\/wp\/v2\/pages"}],"about":[{"href":"https:\/\/riberi.com\/fr\/wp-json\/wp\/v2\/types\/page"}],"author":[{"embeddable":true,"href":"https:\/\/riberi.com\/fr\/wp-json\/wp\/v2\/users\/2"}],"replies":[{"embeddable":true,"href":"https:\/\/riberi.com\/fr\/wp-json\/wp\/v2\/comments?post=4634"}],"version-history":[{"count":3,"href":"https:\/\/riberi.com\/fr\/wp-json\/wp\/v2\/pages\/4634\/revisions"}],"predecessor-version":[{"id":6182,"href":"https:\/\/riberi.com\/fr\/wp-json\/wp\/v2\/pages\/4634\/revisions\/6182"}],"wp:featuredmedia":[{"embeddable":true,"href":"https:\/\/riberi.com\/fr\/wp-json\/wp\/v2\/media\/3861"}],"wp:attachment":[{"href":"https:\/\/riberi.com\/fr\/wp-json\/wp\/v2\/media?parent=4634"}],"curies":[{"name":"wp","href":"https:\/\/api.w.org\/{rel}","templated":true}]}}