{"id":4630,"date":"2020-05-06T13:27:15","date_gmt":"2020-05-06T12:27:15","guid":{"rendered":"https:\/\/riberi.com\/materiali-e-certificati\/"},"modified":"2025-06-27T11:41:55","modified_gmt":"2025-06-27T09:41:55","slug":"materiaux","status":"publish","type":"page","link":"https:\/\/riberi.com\/fr\/materiaux\/","title":{"rendered":"Mat\u00e9riaux"},"content":{"rendered":"<p><section id=\"bt_section69e2119f9baa4\"  class=\"boldSection topSemiSpaced gutter boxed inherit\" ><div class=\"port\"><div class=\"boldCell\"><div class=\"boldCellInner\"><div class=\"boldRow \" ><div class=\"boldRowInner\"><div class=\"rowItem col-md-12 col-ms-12  btTextLeft animate animate-fadein inherit\"  data-width=\"12\"><div class=\"rowItemContent\" ><header class=\"header btClear large  bold\" ><div class=\"dash\"><h2><span class=\"headline\"><b class=\"animate\">T\u00f4les et Lactonerie<\/b><\/span><\/h2><\/div><\/header><div class=\"btClear btSeparator topSmallSpaced bottomSmallSpaced noBorder\" ><hr><\/div><\/div><\/div><\/div><\/div><div class=\"boldRow \" ><div class=\"boldRowInner\"><div class=\"rowItem col-md-6 col-sm-12 btTextLeft animate animate-fadein inherit\"  data-width=\"6\"><div class=\"rowItemContent\" ><a href=\"http:\/\/riberi.com\/wp-content\/uploads\/2020\/06\/lg40.pdf\" class=\"btBtn btBtn btnOutlineStyle btnAccentColor btnMedium btnFullWidth btnRightPosition btnIco\"  target=\"_blank\"><span class=\"btnInnerText\">Lamiere per copertura LG40<\/span><span class=\"btIco \"><span  data-ico-fa=\"&#xf019;\" class=\"btIcoHolder\"><\/span><\/span><\/a><div class=\"btClear btSeparator\" ><hr><\/div><a href=\"http:\/\/riberi.com\/wp-content\/uploads\/2020\/07\/lamiere-per-copertura-genus.pdf\" class=\"btBtn btBtn btnOutlineStyle btnAlternateColor btnMedium btnFullWidth btnRightPosition btnIco\"  target=\"_blank\"><span class=\"btnInnerText\">Lamiere per copertura Genus<\/span><span class=\"btIco \"><span  data-ico-fa=\"&#xf019;\" class=\"btIcoHolder\"><\/span><\/span><\/a><div class=\"btClear btSeparator\" ><hr><\/div><a href=\"http:\/\/riberi.com\/wp-content\/uploads\/2020\/06\/genus2.pdf\" class=\"btBtn btBtn btnOutlineStyle btnAccentColor btnMedium btnFullWidth btnRightPosition btnIco\"  target=\"_blank\"><span class=\"btnInnerText\">Lamiere per solai Genus<\/span><span class=\"btIco \"><span  data-ico-fa=\"&#xf019;\" class=\"btIcoHolder\"><\/span><\/span><\/a><\/div><\/div><div class=\"rowItem col-md-6 col-sm-12 btTextLeft animate animate-fadein inherit\"  data-width=\"6\"><div class=\"rowItemContent\" ><div class=\"btClear btSeparator\" ><hr><\/div><a href=\"http:\/\/riberi.com\/wp-content\/uploads\/2020\/06\/lattoneria.pdf\" class=\"btBtn btBtn btnOutlineStyle btnAccentColor btnMedium btnFullWidth btnRightPosition btnIco\"  target=\"_blank\"><span class=\"btnInnerText\">Lattoneria<\/span><span class=\"btIco \"><span  data-ico-fa=\"&#xf019;\" class=\"btIcoHolder\"><\/span><\/span><\/a><div class=\"btClear btSeparator\" ><hr><\/div><a href=\"http:\/\/riberi.com\/wp-content\/uploads\/2020\/06\/lg55.pdf\" class=\"btBtn btBtn btnOutlineStyle btnAlternateColor btnMedium btnFullWidth btnRightPosition btnIco\"  target=\"_blank\"><span class=\"btnInnerText\">Lamiere per solai LG55<\/span><span class=\"btIco \"><span  data-ico-fa=\"&#xf019;\" class=\"btIcoHolder\"><\/span><\/span><\/a><\/div><\/div><\/div><\/div><\/div><\/div><\/div><\/section><section id=\"bt_section69e2119f9bfbc\"  class=\"boldSection topSemiSpaced gutter boxed inherit\" ><div class=\"port\"><div class=\"boldCell\"><div class=\"boldCellInner\"><div class=\"boldRow \" ><div class=\"boldRowInner\"><div class=\"rowItem col-md-12 col-ms-12  btTextLeft animate animate-fadein inherit\"  data-width=\"12\"><div class=\"rowItemContent\" ><header class=\"header btClear large  bold\" ><div class=\"dash\"><h2><span class=\"headline\"><b class=\"animate\">Panneaux<\/b><\/span><\/h2><\/div><\/header><div class=\"btClear btSeparator topSmallSpaced bottomSmallSpaced noBorder\" ><hr><\/div><\/div><\/div><\/div><\/div><div class=\"boldRow \" ><div class=\"boldRowInner\"><div class=\"rowItem col-md-6 col-sm-12 btTextLeft animate animate-fadein inherit\"  data-width=\"6\"><div class=\"rowItemContent\" ><a href=\"http:\/\/riberi.com\/wp-content\/uploads\/2020\/06\/catalogo_generale.pdf\" class=\"btBtn btBtn btnOutlineStyle btnAccentColor btnMedium btnFullWidth btnRightPosition btnIco\"  target=\"_blank\"><span class=\"btnInnerText\">Catalogo generale<\/span><span class=\"btIco \"><span  data-ico-fa=\"&#xf019;\" class=\"btIcoHolder\"><\/span><\/span><\/a><div class=\"btClear btSeparator\" ><hr><\/div><a href=\"http:\/\/riberi.com\/wp-content\/uploads\/2020\/06\/gamma-colori.pdf\" class=\"btBtn btBtn btnOutlineStyle btnAlternateColor btnMedium btnFullWidth btnRightPosition btnIco\"  target=\"_blank\"><span class=\"btnInnerText\">Gamma Colori<\/span><span class=\"btIco \"><span  data-ico-fa=\"&#xf019;\" class=\"btIcoHolder\"><\/span><\/span><\/a><div class=\"btClear btSeparator\" ><hr><\/div><a href=\"http:\/\/riberi.com\/wp-content\/uploads\/2020\/06\/isopan_ark_wall_gamma_colori.pdf\" class=\"btBtn btBtn btnOutlineStyle btnAccentColor btnMedium btnFullWidth btnRightPosition btnIco\"  target=\"_blank\"><span class=\"btnInnerText\">ISOPAN &#8211; Ark wall gamma colori<\/span><span class=\"btIco \"><span  data-ico-fa=\"&#xf019;\" class=\"btIcoHolder\"><\/span><\/span><\/a><div class=\"btClear btSeparator\" ><hr><\/div><a href=\"http:\/\/riberi.com\/wp-content\/uploads\/2020\/06\/certifications_rev12d_ita.pdf\" class=\"btBtn btBtn btnOutlineStyle btnAccentColor btnMedium btnFullWidth btnRightPosition btnIco\"  target=\"_blank\"><span class=\"btnInnerText\">Certifications rev12d ita<\/span><span class=\"btIco \"><span  data-ico-fa=\"&#xf019;\" class=\"btIcoHolder\"><\/span><\/span><\/a><div class=\"btClear btSeparator\" ><hr><\/div><a href=\"http:\/\/riberi.com\/wp-content\/uploads\/2020\/06\/gamma_isocop.pdf\" class=\"btBtn btBtn btnOutlineStyle btnAccentColor btnMedium btnFullWidth btnRightPosition btnIco\"  target=\"_blank\"><span class=\"btnInnerText\">Gamma isocop<\/span><span class=\"btIco \"><span  data-ico-fa=\"&#xf019;\" class=\"btIcoHolder\"><\/span><\/span><\/a><div class=\"btClear btSeparator\" ><hr><\/div><\/div><\/div><div class=\"rowItem col-md-6 col-sm-12 btTextLeft animate animate-fadein inherit\"  data-width=\"6\"><div class=\"rowItemContent\" ><a href=\"http:\/\/riberi.com\/wp-content\/uploads\/2020\/06\/gamma_isodomus.pdf\" class=\"btBtn btBtn btnOutlineStyle btnAccentColor btnMedium btnFullWidth btnRightPosition btnIco\"  target=\"_blank\"><span class=\"btnInnerText\">Gamma isodomus<\/span><span class=\"btIco \"><span  data-ico-fa=\"&#xf019;\" class=\"btIcoHolder\"><\/span><\/span><\/a><div class=\"btClear btSeparator\" ><hr><\/div><a href=\"http:\/\/riberi.com\/wp-content\/uploads\/2020\/06\/gamma_isofire_roof_e_roof_fono.pdf\" class=\"btBtn btBtn btnOutlineStyle btnAccentColor btnMedium btnFullWidth btnRightPosition btnIco\"  target=\"_blank\"><span class=\"btnInnerText\">Gamma isofire roof e roof fono<\/span><span class=\"btIco \"><span  data-ico-fa=\"&#xf019;\" class=\"btIcoHolder\"><\/span><\/span><\/a><div class=\"btClear btSeparator\" ><hr><\/div><a href=\"http:\/\/riberi.com\/wp-content\/uploads\/2020\/06\/gamma_isofire_wall_e_wall_fono.pdf\" class=\"btBtn btBtn btnOutlineStyle btnAccentColor btnMedium btnFullWidth btnRightPosition btnIco\"  target=\"_blank\"><span class=\"btnInnerText\">Gamma isofire wall e wall fono<\/span><span class=\"btIco \"><span  data-ico-fa=\"&#xf019;\" class=\"btIcoHolder\"><\/span><\/span><\/a><div class=\"btClear btSeparator\" ><hr><\/div><a href=\"http:\/\/riberi.com\/wp-content\/uploads\/2020\/06\/gamma_isoparete.pdf\" class=\"btBtn btBtn btnOutlineStyle btnAccentColor btnMedium btnFullWidth btnRightPosition btnIco\"  target=\"_blank\"><span class=\"btnInnerText\">Gamma isoparete<\/span><span class=\"btIco \"><span  data-ico-fa=\"&#xf019;\" class=\"btIcoHolder\"><\/span><\/span><\/a><div class=\"btClear btSeparator\" ><hr><\/div><a href=\"http:\/\/riberi.com\/wp-content\/uploads\/2020\/06\/isobox-piano-righe.pdf\" class=\"btBtn btBtn btnOutlineStyle btnAccentColor btnMedium btnFullWidth btnRightPosition btnIco\"  target=\"_blank\"><span class=\"btnInnerText\">Isobox piano righe<\/span><span class=\"btIco \"><span  data-ico-fa=\"&#xf019;\" class=\"btIcoHolder\"><\/span><\/span><\/a><\/div><\/div><\/div><\/div><\/div><\/div><\/div><\/section><section id=\"bt_section69e2119f9c52b\"  class=\"boldSection topSemiSpaced gutter boxed inherit\" ><div class=\"port\"><div class=\"boldCell\"><div class=\"boldCellInner\"><div class=\"boldRow \" ><div class=\"boldRowInner\"><div class=\"rowItem col-md-12 col-ms-12  btTextLeft animate animate-fadein inherit\"  data-width=\"12\"><div class=\"rowItemContent\" ><header class=\"header btClear large  bold\" ><div class=\"dash\"><h2><span class=\"headline\"><b class=\"animate\">Polycarbonate<\/b><\/span><\/h2><\/div><\/header><div class=\"btClear btSeparator topSmallSpaced bottomSmallSpaced noBorder\" ><hr><\/div><\/div><\/div><\/div><\/div><div class=\"boldRow \" ><div class=\"boldRowInner\"><div class=\"rowItem col-md-6 col-sm-12 btTextLeft animate animate-fadein inherit\"  data-width=\"6\"><div class=\"rowItemContent\" ><a href=\"http:\/\/riberi.com\/wp-content\/uploads\/2020\/06\/ST-GR03-Greca-44-16-rinf.pdf\" class=\"btBtn btBtn btnOutlineStyle btnAccentColor btnMedium btnFullWidth btnRightPosition btnIco\"  target=\"_blank\"><span class=\"btnInnerText\">ST-GR03-Greca-44-16-rinf<\/span><span class=\"btIco \"><span  data-ico-fa=\"&#xf019;\" class=\"btIcoHolder\"><\/span><\/span><\/a><div class=\"btClear btSeparator\" ><hr><\/div><a href=\"http:\/\/riberi.com\/wp-content\/uploads\/2020\/06\/ST-GR04-Greca-5G-80_12-16-20.pdf\" class=\"btBtn btBtn btnOutlineStyle btnAlternateColor btnMedium btnFullWidth btnRightPosition btnIco\"  target=\"_blank\"><span class=\"btnInnerText\">ST-GR04-Greca-5G-80_12-16-20<\/span><span class=\"btIco \"><span  data-ico-fa=\"&#xf019;\" class=\"btIcoHolder\"><\/span><\/span><\/a><div class=\"btClear btSeparator\" ><hr><\/div><a href=\"http:\/\/riberi.com\/wp-content\/uploads\/2020\/06\/ST-ON01-Onda-177-51-1.pdf\" class=\"btBtn btBtn btnOutlineStyle btnAlternateColor btnMedium btnFullWidth btnRightPosition btnIco\"  target=\"_blank\"><span class=\"btnInnerText\">ST-ON01-Onda-177-51-1<\/span><span class=\"btIco \"><span  data-ico-fa=\"&#xf019;\" class=\"btIcoHolder\"><\/span><\/span><\/a><div class=\"btClear btSeparator\" ><hr><\/div><\/div><\/div><div class=\"rowItem col-md-6 col-sm-12 btTextLeft animate animate-fadein inherit\"  data-width=\"6\"><div class=\"rowItemContent\" ><a href=\"http:\/\/riberi.com\/wp-content\/uploads\/2020\/06\/ST-PA05-Panel-500_40-2.pdf\" class=\"btBtn btBtn btnOutlineStyle btnAccentColor btnMedium btnFullWidth btnRightPosition btnIco\"  target=\"_blank\"><span class=\"btnInnerText\">ST-PA05-Panel-500_40-2<\/span><span class=\"btIco \"><span  data-ico-fa=\"&#xf019;\" class=\"btIcoHolder\"><\/span><\/span><\/a><div class=\"btClear btSeparator\" ><hr><\/div><a href=\"http:\/\/riberi.com\/wp-content\/uploads\/2020\/06\/ST-SMART03-Marcegaglia-TK5-Isopan.pdf\" class=\"btBtn btBtn btnOutlineStyle btnAccentColor btnMedium btnFullWidth btnRightPosition btnIco\"  target=\"_blank\"><span class=\"btnInnerText\">ST-SMART03-Marcegaglia-TK5-Isopan<\/span><span class=\"btIco \"><span  data-ico-fa=\"&#xf019;\" class=\"btIcoHolder\"><\/span><\/span><\/a><div class=\"btClear btSeparator\" ><hr><\/div><a href=\"http:\/\/riberi.com\/wp-content\/uploads\/2020\/06\/ST-TECNO01-Greca-5G.pdf\" class=\"btBtn btBtn btnOutlineStyle btnAccentColor btnMedium btnFullWidth btnRightPosition btnIco\"  target=\"_blank\"><span class=\"btnInnerText\">ST-TECNO01-Greca-5G<\/span><span class=\"btIco \"><span  data-ico-fa=\"&#xf019;\" class=\"btIcoHolder\"><\/span><\/span><\/a><div class=\"btClear btSeparator\" ><hr><\/div><\/div><\/div><\/div><\/div><\/div><\/div><\/div><\/section><section id=\"bt_section69e2119f9c92c\"  class=\"boldSection gutter \" ><div class=\"port\"><div class=\"boldCell\"><div class=\"boldCellInner\"><\/div><\/div><\/div><\/section><\/p>\n","protected":false},"excerpt":{"rendered":"","protected":false},"author":1,"featured_media":3917,"parent":0,"menu_order":0,"comment_status":"closed","ping_status":"closed","template":"","meta":{"footnotes":""},"class_list":["post-4630","page","type-page","status-publish","has-post-thumbnail","hentry"],"yoast_head":"<!-- This site is optimized with the Yoast SEO plugin v25.3.1 - https:\/\/yoast.com\/wordpress\/plugins\/seo\/ -->\n<title>Mat\u00e9riaux et certifications pour constructions industrielles<\/title>\n<meta name=\"description\" content=\"Mat\u00e9riaux et certifications pour constructions industrielles : tous les d\u00e9tails techniques, les manuels et les caract\u00e9ristiques du polycarbonate, de la t\u00f4le et des panneaux !\" \/>\n<meta name=\"robots\" content=\"index, follow, max-snippet:-1, max-image-preview:large, max-video-preview:-1\" \/>\n<link rel=\"canonical\" href=\"https:\/\/riberi.com\/fr\/materiaux\/\" \/>\n<meta property=\"og:locale\" content=\"fr_FR\" \/>\n<meta property=\"og:type\" content=\"article\" \/>\n<meta property=\"og:title\" content=\"Mat\u00e9riaux et certifications pour constructions industrielles\" \/>\n<meta property=\"og:description\" content=\"Mat\u00e9riaux et certifications pour constructions industrielles : tous les d\u00e9tails techniques, les manuels et les caract\u00e9ristiques du polycarbonate, de la t\u00f4le et des panneaux !\" \/>\n<meta property=\"og:url\" content=\"https:\/\/riberi.com\/fr\/materiaux\/\" \/>\n<meta property=\"og:site_name\" content=\"RIBERI P\" \/>\n<meta property=\"article:publisher\" content=\"https:\/\/www.facebook.com\/riberipcostruzioni\/\" \/>\n<meta property=\"article:modified_time\" content=\"2025-06-27T09:41:55+00:00\" \/>\n<meta property=\"og:image\" content=\"https:\/\/riberi.com\/wp-content\/uploads\/2020\/04\/header-progettazione.jpg\" \/>\n\t<meta property=\"og:image:width\" content=\"1920\" \/>\n\t<meta property=\"og:image:height\" content=\"960\" \/>\n\t<meta property=\"og:image:type\" content=\"image\/jpeg\" \/>\n<meta name=\"twitter:card\" content=\"summary_large_image\" \/>\n<meta name=\"twitter:label1\" content=\"Dur\u00e9e de lecture estim\u00e9e\" \/>\n\t<meta name=\"twitter:data1\" content=\"1 minute\" \/>\n<script type=\"application\/ld+json\" class=\"yoast-schema-graph\">{\"@context\":\"https:\/\/schema.org\",\"@graph\":[{\"@type\":\"WebPage\",\"@id\":\"https:\/\/riberi.com\/fr\/materiaux\/\",\"url\":\"https:\/\/riberi.com\/fr\/materiaux\/\",\"name\":\"Mat\u00e9riaux et certifications pour constructions industrielles\",\"isPartOf\":{\"@id\":\"https:\/\/riberi.com\/#website\"},\"primaryImageOfPage\":{\"@id\":\"https:\/\/riberi.com\/fr\/materiaux\/#primaryimage\"},\"image\":{\"@id\":\"https:\/\/riberi.com\/fr\/materiaux\/#primaryimage\"},\"thumbnailUrl\":\"https:\/\/riberi.com\/wp-content\/uploads\/2020\/04\/header-progettazione.jpg\",\"datePublished\":\"2020-05-06T12:27:15+00:00\",\"dateModified\":\"2025-06-27T09:41:55+00:00\",\"description\":\"Mat\u00e9riaux et certifications pour constructions industrielles : tous les d\u00e9tails techniques, les manuels et les caract\u00e9ristiques du polycarbonate, de la t\u00f4le et des panneaux !\",\"breadcrumb\":{\"@id\":\"https:\/\/riberi.com\/fr\/materiaux\/#breadcrumb\"},\"inLanguage\":\"fr-FR\",\"potentialAction\":[{\"@type\":\"ReadAction\",\"target\":[\"https:\/\/riberi.com\/fr\/materiaux\/\"]}]},{\"@type\":\"ImageObject\",\"inLanguage\":\"fr-FR\",\"@id\":\"https:\/\/riberi.com\/fr\/materiaux\/#primaryimage\",\"url\":\"https:\/\/riberi.com\/wp-content\/uploads\/2020\/04\/header-progettazione.jpg\",\"contentUrl\":\"https:\/\/riberi.com\/wp-content\/uploads\/2020\/04\/header-progettazione.jpg\",\"width\":1920,\"height\":960},{\"@type\":\"BreadcrumbList\",\"@id\":\"https:\/\/riberi.com\/fr\/materiaux\/#breadcrumb\",\"itemListElement\":[{\"@type\":\"ListItem\",\"position\":1,\"name\":\"Home\",\"item\":\"https:\/\/riberi.com\/fr\/\"},{\"@type\":\"ListItem\",\"position\":2,\"name\":\"Mat\u00e9riaux\"}]},{\"@type\":\"WebSite\",\"@id\":\"https:\/\/riberi.com\/#website\",\"url\":\"https:\/\/riberi.com\/\",\"name\":\"Riberi P - Costruzioni\",\"description\":\"Costruzioni industriali industriali, civili e agricole\",\"publisher\":{\"@id\":\"https:\/\/riberi.com\/#organization\"},\"alternateName\":\"Riberi P - Costruzioni industriali industriali, civili e agricole\",\"potentialAction\":[{\"@type\":\"SearchAction\",\"target\":{\"@type\":\"EntryPoint\",\"urlTemplate\":\"https:\/\/riberi.com\/?s={search_term_string}\"},\"query-input\":{\"@type\":\"PropertyValueSpecification\",\"valueRequired\":true,\"valueName\":\"search_term_string\"}}],\"inLanguage\":\"fr-FR\"},{\"@type\":\"Organization\",\"@id\":\"https:\/\/riberi.com\/#organization\",\"name\":\"Riberi P - Costruzioni\",\"alternateName\":\"Riberi P - Costruzioni industriali industriali, civili e agricole\",\"url\":\"https:\/\/riberi.com\/\",\"logo\":{\"@type\":\"ImageObject\",\"inLanguage\":\"fr-FR\",\"@id\":\"https:\/\/riberi.com\/#\/schema\/logo\/image\/\",\"url\":\"https:\/\/riberi.com\/wp-content\/uploads\/2020\/04\/logo-riberi.png\",\"contentUrl\":\"https:\/\/riberi.com\/wp-content\/uploads\/2020\/04\/logo-riberi.png\",\"width\":660,\"height\":300,\"caption\":\"Riberi P - Costruzioni\"},\"image\":{\"@id\":\"https:\/\/riberi.com\/#\/schema\/logo\/image\/\"},\"sameAs\":[\"https:\/\/www.facebook.com\/riberipcostruzioni\/\"]}]}<\/script>\n<!-- \/ Yoast SEO plugin. -->","yoast_head_json":{"title":"Mat\u00e9riaux et certifications pour constructions industrielles","description":"Mat\u00e9riaux et certifications pour constructions industrielles : tous les d\u00e9tails techniques, les manuels et les caract\u00e9ristiques du polycarbonate, de la t\u00f4le et des panneaux !","robots":{"index":"index","follow":"follow","max-snippet":"max-snippet:-1","max-image-preview":"max-image-preview:large","max-video-preview":"max-video-preview:-1"},"canonical":"https:\/\/riberi.com\/fr\/materiaux\/","og_locale":"fr_FR","og_type":"article","og_title":"Mat\u00e9riaux et certifications pour constructions industrielles","og_description":"Mat\u00e9riaux et certifications pour constructions industrielles : tous les d\u00e9tails techniques, les manuels et les caract\u00e9ristiques du polycarbonate, de la t\u00f4le et des panneaux !","og_url":"https:\/\/riberi.com\/fr\/materiaux\/","og_site_name":"RIBERI P","article_publisher":"https:\/\/www.facebook.com\/riberipcostruzioni\/","article_modified_time":"2025-06-27T09:41:55+00:00","og_image":[{"width":1920,"height":960,"url":"https:\/\/riberi.com\/wp-content\/uploads\/2020\/04\/header-progettazione.jpg","type":"image\/jpeg"}],"twitter_card":"summary_large_image","twitter_misc":{"Dur\u00e9e de lecture estim\u00e9e":"1 minute"},"schema":{"@context":"https:\/\/schema.org","@graph":[{"@type":"WebPage","@id":"https:\/\/riberi.com\/fr\/materiaux\/","url":"https:\/\/riberi.com\/fr\/materiaux\/","name":"Mat\u00e9riaux et certifications pour constructions industrielles","isPartOf":{"@id":"https:\/\/riberi.com\/#website"},"primaryImageOfPage":{"@id":"https:\/\/riberi.com\/fr\/materiaux\/#primaryimage"},"image":{"@id":"https:\/\/riberi.com\/fr\/materiaux\/#primaryimage"},"thumbnailUrl":"https:\/\/riberi.com\/wp-content\/uploads\/2020\/04\/header-progettazione.jpg","datePublished":"2020-05-06T12:27:15+00:00","dateModified":"2025-06-27T09:41:55+00:00","description":"Mat\u00e9riaux et certifications pour constructions industrielles : tous les d\u00e9tails techniques, les manuels et les caract\u00e9ristiques du polycarbonate, de la t\u00f4le et des panneaux !","breadcrumb":{"@id":"https:\/\/riberi.com\/fr\/materiaux\/#breadcrumb"},"inLanguage":"fr-FR","potentialAction":[{"@type":"ReadAction","target":["https:\/\/riberi.com\/fr\/materiaux\/"]}]},{"@type":"ImageObject","inLanguage":"fr-FR","@id":"https:\/\/riberi.com\/fr\/materiaux\/#primaryimage","url":"https:\/\/riberi.com\/wp-content\/uploads\/2020\/04\/header-progettazione.jpg","contentUrl":"https:\/\/riberi.com\/wp-content\/uploads\/2020\/04\/header-progettazione.jpg","width":1920,"height":960},{"@type":"BreadcrumbList","@id":"https:\/\/riberi.com\/fr\/materiaux\/#breadcrumb","itemListElement":[{"@type":"ListItem","position":1,"name":"Home","item":"https:\/\/riberi.com\/fr\/"},{"@type":"ListItem","position":2,"name":"Mat\u00e9riaux"}]},{"@type":"WebSite","@id":"https:\/\/riberi.com\/#website","url":"https:\/\/riberi.com\/","name":"Riberi P - Costruzioni","description":"Costruzioni industriali industriali, civili e agricole","publisher":{"@id":"https:\/\/riberi.com\/#organization"},"alternateName":"Riberi P - Costruzioni industriali industriali, civili e agricole","potentialAction":[{"@type":"SearchAction","target":{"@type":"EntryPoint","urlTemplate":"https:\/\/riberi.com\/?s={search_term_string}"},"query-input":{"@type":"PropertyValueSpecification","valueRequired":true,"valueName":"search_term_string"}}],"inLanguage":"fr-FR"},{"@type":"Organization","@id":"https:\/\/riberi.com\/#organization","name":"Riberi P - Costruzioni","alternateName":"Riberi P - Costruzioni industriali industriali, civili e agricole","url":"https:\/\/riberi.com\/","logo":{"@type":"ImageObject","inLanguage":"fr-FR","@id":"https:\/\/riberi.com\/#\/schema\/logo\/image\/","url":"https:\/\/riberi.com\/wp-content\/uploads\/2020\/04\/logo-riberi.png","contentUrl":"https:\/\/riberi.com\/wp-content\/uploads\/2020\/04\/logo-riberi.png","width":660,"height":300,"caption":"Riberi P - Costruzioni"},"image":{"@id":"https:\/\/riberi.com\/#\/schema\/logo\/image\/"},"sameAs":["https:\/\/www.facebook.com\/riberipcostruzioni\/"]}]}},"_links":{"self":[{"href":"https:\/\/riberi.com\/fr\/wp-json\/wp\/v2\/pages\/4630","targetHints":{"allow":["GET"]}}],"collection":[{"href":"https:\/\/riberi.com\/fr\/wp-json\/wp\/v2\/pages"}],"about":[{"href":"https:\/\/riberi.com\/fr\/wp-json\/wp\/v2\/types\/page"}],"author":[{"embeddable":true,"href":"https:\/\/riberi.com\/fr\/wp-json\/wp\/v2\/users\/1"}],"replies":[{"embeddable":true,"href":"https:\/\/riberi.com\/fr\/wp-json\/wp\/v2\/comments?post=4630"}],"version-history":[{"count":2,"href":"https:\/\/riberi.com\/fr\/wp-json\/wp\/v2\/pages\/4630\/revisions"}],"predecessor-version":[{"id":4632,"href":"https:\/\/riberi.com\/fr\/wp-json\/wp\/v2\/pages\/4630\/revisions\/4632"}],"wp:featuredmedia":[{"embeddable":true,"href":"https:\/\/riberi.com\/fr\/wp-json\/wp\/v2\/media\/3917"}],"wp:attachment":[{"href":"https:\/\/riberi.com\/fr\/wp-json\/wp\/v2\/media?parent=4630"}],"curies":[{"name":"wp","href":"https:\/\/api.w.org\/{rel}","templated":true}]}}