{"id":4614,"date":"2020-04-19T09:40:22","date_gmt":"2020-04-19T08:40:22","guid":{"rendered":"https:\/\/riberi.com\/linee-vita\/"},"modified":"2025-07-17T12:28:17","modified_gmt":"2025-07-17T10:28:17","slug":"lignes-de-vie","status":"publish","type":"page","link":"https:\/\/riberi.com\/fr\/lignes-de-vie\/","title":{"rendered":"Lignes de vie"},"content":{"rendered":"<p><section id=\"bt_section69e211d2d20a9\"  class=\"boldSection topSemiSpaced gutter boxed inherit\" ><div class=\"port\"><div class=\"boldCell\"><div class=\"boldCellInner\"><div class=\"boldRow \" ><div class=\"boldRowInner\"><div class=\"rowItem col-md-12 col-ms-12  btTextLeft animate animate-fadein inherit\"  data-width=\"12\"><div class=\"rowItemContent\" ><header class=\"header btClear large  bold\" ><div class=\"dash\"><h2><span class=\"headline\"><b class=\"animate\">Lignes de vie<\/b><\/span><\/h2><\/div><div class=\"btSubTitle\">Nous naissons de la charpenterie et des structures pour l\u2019industrie et l\u2019agriculture depuis les ann\u00e9es 60<\/div><\/header><div class=\"btClear btSeparator topSmallSpaced bottomSmallSpaced noBorder\" ><hr><\/div><div class=\"btText\" ><\/p>\n<p>Gr\u00e2ce \u00e0 notre exp\u00e9rience dans le domaine des couvertures, nous avons \u00e9tendu notre activit\u00e9 \u00e0 la s\u00e9curit\u00e9. Ainsi, depuis plus de dix ans, Riberi P. sas se sp\u00e9cialise dans la fourniture, l\u2019installation et l\u2019entretien des antichutes.<\/p>\n<p>Gr\u00e2ce aux excellents r\u00e9sultats, surtout dans le domaine industriel, notre personnel technique de conception est en mesure d\u2019offrir un support rapide pour la conception de lignes de vie permanentes sur des couvertures et des structures en g\u00e9n\u00e9ral.<\/p>\n<p>\n<\/div><div class=\"btClear btSeparator topSmallSpaced bottomSmallSpaced noBorder\" ><hr><\/div><div class=\"btClear btSeparator topSmallSpaced bottomSmallSpaced noBorder\" ><hr><\/div><\/div><\/div><\/div><\/div><\/div><\/div><\/div><\/section><section id=\"bt_section69e211d2d23d5\" data-parallax=\"-.5\" data-parallax-offset=\"-50\" class=\"boldSection fullScreenHeight inherit btParallax wBackground cover wBackground cover section_parallax\" style=\"background-image:url('https:\/\/riberi.com\/wp-content\/uploads\/2020\/04\/linee-vita-2.jpg');\"><div class=\"port\"><div class=\"boldCell\"><div class=\"boldCellInner\"><div class=\"boldRow  btNoRowSpacing\" ><div class=\"boldRowInner\"><div class=\"rowItem col-md-12 col-ms-12  btTextLeft inherit section_parallax_mobile wBackground cover\" style=\"background-image: url(https:\/\/riberi.com\/wp-content\/uploads\/2020\/04\/linee-vita-2.jpg);\" data-width=\"12\"><div class=\"rowItemContent\" ><\/div><\/div><\/div><\/div><\/div><\/div><\/div><\/section><section id=\"bt_section69e211d2d24f4\"  class=\"boldSection topSemiSpaced gutter boxed inherit\" ><div class=\"port\"><div class=\"boldCell\"><div class=\"boldCellInner\"><div class=\"boldRow \" ><div class=\"boldRowInner\"><div class=\"rowItem col-md-12 col-ms-12  btTextLeft animate animate-fadein inherit\"  data-width=\"12\"><div class=\"rowItemContent\" ><header class=\"header btClear medium  bold\" ><div class=\"dash\"><h3><span class=\"headline\">MISSION<\/span><\/h3><\/div><\/header><div class=\"btClear btSeparator topSmallSpaced bottomSmallSpaced noBorder\" ><hr><\/div><div class=\"btText\" ><\/p>\n<p>Notre mission vise \u00e0 am\u00e9liorer les conditions de s\u00e9curit\u00e9 sur le lieu de travail.<\/p>\n<p>L\u2019objectif principal est de fournir un service complet et professionnel, toujours \u00e0 jour et en mesure de proposer les solutions les plus innovantes, en garantissant l\u2019utilisation de mat\u00e9riaux de grande qualit\u00e9 des entreprises leaders de l\u2019industrie qui, avec la grande exp\u00e9rience acquise, nous permettent de trouver les meilleures solutions au meilleur co\u00fbt.<\/p>\n<p>Nous proposons une gamme compl\u00e8te de produits et \u00e9quipements anti-incendie, produits antichute et pour espaces confin\u00e9s certifi\u00e9s selon la r\u00e9glementation en vigueur tels que D.P.I., lignes de vie, garde-corps, filets de protection lucernai, escaliers de s\u00e9curit\u00e9, rails pour baies de chargement, tripodes, grues de r\u00e9cup\u00e9ration, syst\u00e8mes \u00e0 palan, syst\u00e8mes de levage, etc.<\/p>\n<p>\n<\/div><div class=\"btClear btSeparator topSmallSpaced bottomSmallSpaced noBorder\" ><hr><\/div><div class=\"btClear btSeparator topSmallSpaced bottomSmallSpaced noBorder\" ><hr><\/div><\/div><\/div><\/div><\/div><div class=\"boldRow \" ><div class=\"boldRowInner\"><div class=\"rowItem col-md-12 col-ms-12  btTextLeft animate animate-fadein inherit\"  data-width=\"12\"><div class=\"rowItemContent\" ><header class=\"header btClear medium  bold\" ><div class=\"dash\"><h3><span class=\"headline\">QUE EST-CE QU\u2019ON FAIT?<\/span><\/h3><\/div><\/header><div class=\"btClear btSeparator topSmallSpaced bottomSmallSpaced noBorder\" ><hr><\/div><div class=\"btText\" ><\/p>\n<p>Riberi P. Constructions avec la comp\u00e9tence et le professionnalisme qui nous caract\u00e9rise, nous offrons notre connaissance, nos services et notre technologie au client en formulant la meilleure solution pour les lignes de vie permanentes sur des couvertures<br \/>\nAvec la qualit\u00e9 &#8211; s\u00e9rieux &#8211; professionnalisme sont notre formule gagnante<\/p>\n<p>\n<\/div><div class=\"btClear btSeparator topSmallSpaced bottomSmallSpaced noBorder\" ><hr><\/div><div class=\"btClear btSeparator topSmallSpaced bottomSmallSpaced noBorder\" ><hr><\/div><\/div><\/div><\/div><\/div><\/div><\/div><\/div><\/section><section id=\"bt_section69e211d2d28e4\" data-parallax=\"-.5\" data-parallax-offset=\"-50\" class=\"boldSection fullScreenHeight inherit btParallax wBackground cover wBackground cover section_parallax\" style=\"background-image:url('https:\/\/riberi.com\/wp-content\/uploads\/2020\/04\/LINEE_VITA.jpeg');\"><div class=\"port\"><div class=\"boldCell\"><div class=\"boldCellInner\"><div class=\"boldRow  btNoRowSpacing\" ><div class=\"boldRowInner\"><div class=\"rowItem col-md-12 col-ms-12  btTextLeft inherit section_parallax_mobile wBackground cover\" style=\"background-image: url(https:\/\/riberi.com\/wp-content\/uploads\/2020\/04\/LINEE_VITA.jpeg);\" data-width=\"12\"><div class=\"rowItemContent\" ><\/div><\/div><\/div><\/div><\/div><\/div><\/div><\/section><section id=\"bt_section69e211d2d29f3\"  class=\"boldSection topSemiSpaced gutter boxed inherit\" ><div class=\"port\"><div class=\"boldCell\"><div class=\"boldCellInner\"><div class=\"boldRow \" ><div class=\"boldRowInner\"><div class=\"rowItem col-md-12 col-ms-12  btTextLeft animate animate-fadein inherit\"  data-width=\"12\"><div class=\"rowItemContent\" ><header class=\"header btClear large  bold\" ><div class=\"dash\"><h2><span class=\"headline\"><b class=\"animate\">ANTICHUTE<\/b><\/span><\/h2><\/div><div class=\"btSubTitle\">RIBERI P. sas propose une gamme compl\u00e8te de solutions techniques pour la protection contre les chutes du haut.<\/div><\/header><div class=\"btClear btSeparator topSmallSpaced bottomSmallSpaced noBorder\" ><hr><\/div><div class=\"btClear btSeparator topSmallSpaced bottomSmallSpaced noBorder\" ><hr><\/div><\/div><\/div><\/div><\/div><div class=\"boldRow \" ><div class=\"boldRowInner\"><div class=\"rowItem col-md-12 col-ms-12  btTextLeft animate animate-fadein inherit\"  data-width=\"12\"><div class=\"rowItemContent\" ><header class=\"header btClear medium  bold\" ><div class=\"dash\"><h3><span class=\"headline\">La protection collective<\/span><\/h3><\/div><div class=\"btSubTitle\">passerelles, garde-corps \u00e0 fixation ou autoporteurs<\/div><\/header><div class=\"btClear btSeparator topSmallSpaced bottomSmallSpaced noBorder\" ><hr><\/div><div class=\"btClear btSeparator topSmallSpaced bottomSmallSpaced noBorder\" ><hr><\/div><\/div><\/div><\/div><\/div><div class=\"boldRow \" ><div class=\"boldRowInner\"><div class=\"rowItem col-md-12 col-ms-12  btTextLeft animate animate-fadein inherit\"  data-width=\"12\"><div class=\"rowItemContent\" ><header class=\"header btClear medium  bold\" ><div class=\"dash\"><h3><span class=\"headline\">Syst\u00e8mes horizontaux certifi\u00e9s de type C et D<\/span><\/h3><\/div><div class=\"btSubTitle\">lignes de vie et de voies de diff\u00e9rents types adapt\u00e9s \u00e0 des applications industrielles, de la construction, ainsi que des applications sp\u00e9ciales pour les lieux de culte ou les b\u00e2timents historiques<\/div><\/header><div class=\"btClear btSeparator topSmallSpaced bottomSmallSpaced noBorder\" ><hr><\/div><div class=\"btClear btSeparator topSmallSpaced bottomSmallSpaced noBorder\" ><hr><\/div><\/div><\/div><\/div><\/div><div class=\"boldRow \" ><div class=\"boldRowInner\"><div class=\"rowItem col-md-12 col-ms-12  btTextLeft animate animate-fadein inherit\"  data-width=\"12\"><div class=\"rowItemContent\" ><header class=\"header btClear medium  bold\" ><div class=\"dash\"><h3><span class=\"headline\">Syst\u00e8mes verticaux certifi\u00e9s EN 353<\/span><\/h3><\/div><div class=\"btSubTitle\">Lignes de vie verticales &#8211; \u00e9chelles d\u2019acc\u00e8s en hauteur avec rail incorpor\u00e9 &#8211; \u00e9chelles avec cage de protection<\/div><\/header><div class=\"btClear btSeparator topSmallSpaced bottomSmallSpaced noBorder\" ><hr><\/div><div class=\"btClear btSeparator topSmallSpaced bottomSmallSpaced noBorder\" ><hr><\/div><\/div><\/div><\/div><\/div><div class=\"boldRow \" ><div class=\"boldRowInner\"><div class=\"rowItem col-md-12 col-ms-12  btTextLeft animate animate-fadein inherit\"  data-width=\"12\"><div class=\"rowItemContent\" ><header class=\"header btClear medium  bold\" ><div class=\"dash\"><h3><span class=\"headline\">Syst\u00e8mes d\u2019ancrage ponctuels certifi\u00e9s<\/span><\/h3><\/div><\/header><div class=\"btClear btSeparator topSmallSpaced bottomSmallSpaced noBorder\" ><hr><\/div><div class=\"btClear btSeparator topSmallSpaced bottomSmallSpaced noBorder\" ><hr><\/div><\/div><\/div><\/div><\/div><\/div><\/div><\/div><\/section><section id=\"bt_section69e211d2d2ebf\"  class=\"boldSection gutter boxed inherit\" ><div class=\"port\"><div class=\"boldCell\"><div class=\"boldCellInner\"><div class=\"boldRow \" ><div class=\"boldRowInner\"><div class=\"rowItem col-md-12 col-ms-12  btTextLeft animate animate-fadein inherit btLightSkin\"  data-width=\"12\"><div class=\"rowItemContent\" style = \"background-color: rgba(255, 255, 255, 0.6); \"><div class=\"boldRow \" style=\"max-width: 580px; margin: auto;\"><div class=\"boldRowInner\"><div class=\"rowItem rowInnerItem col-sm-12  btTextLeft\"  ><div class=\"rowItemContent\"><div class=\"btClear btSeparator topSemiSpaced noBorder\" ><hr><\/div><header class=\"header btClear large  bold\" ><div class=\"dash\"><h2><span class=\"headline\"><b class=\"animate\">Demandez des informations<\/b><\/span><\/h2><\/div><div class=\"btSubTitle\">Pour plus d\u2019informations, veuillez remplir le formulaire ci-dessous.<\/div><\/header><div class=\"btClear btSeparator topSmallSpaced noBorder\" ><hr><\/div><span class=\"btIco btIcoDefaultType btIcoSmallSize btIcoDefaultColor btIconCircleShape\"><span  data-ico-fa=\"&#xf041;\" class=\"btIcoHolder\"><span> Via Laghi di Avigliana,<br \/>\n189 12022 Busca (CN) <\/span><\/span><\/span><div class=\"btClear btSeparator bottomSmallSpaced noBorder\" ><hr><\/div><span class=\"btIco btIcoDefaultType btIcoSmallSize btIcoDefaultColor btIconCircleShape\"><a href=\"tel:+3930171945266%20\"  target=\"no_target\" data-ico-fa=\"&#xf095;\" class=\"btIcoHolder\"><span>+39 0171.945266 <\/span><\/a><\/span><div class=\"btClear btSeparator bottomSmallSpaced noBorder\" ><hr><\/div><span class=\"btIco btIcoDefaultType btIcoSmallSize btIcoDefaultColor btIconCircleShape\"><span  data-ico-fa=\"&#xf1ac;\" class=\"btIcoHolder\"><span>+39 0171.945267<\/span><\/span><\/span><div class=\"btClear btSeparator bottomSmallSpaced noBorder\" ><hr><\/div><span class=\"btIco btIcoDefaultType btIcoSmallSize btIcoDefaultColor btIconCircleShape\"><a href=\"mailto:info@riberi.com\"  target=\"_self\" data-ico-fa=\"&#xf0e0;\" class=\"btIcoHolder\"><span>info@riberi.com<\/span><\/a><\/span><div class=\"btClear btSeparator bottomSmallSpaced noBorder\" ><hr><\/div><div class=\"btText\" ><\/p>\n<div class=\"wpcf7 no-js\" id=\"wpcf7-f5123-o1\" lang=\"it-IT\" dir=\"ltr\" data-wpcf7-id=\"5123\">\n<div class=\"screen-reader-response\">\n<p role=\"status\" aria-live=\"polite\" aria-atomic=\"true\">\n<ul><\/ul>\n<\/div>\n<form action=\"\/fr\/wp-json\/wp\/v2\/pages\/4614#wpcf7-f5123-o1\" method=\"post\" class=\"wpcf7-form init\" aria-label=\"Modulo di contatto\" novalidate=\"novalidate\" data-status=\"init\">\n<div style=\"display: none;\">\n<input type=\"hidden\" name=\"_wpcf7\" value=\"5123\" \/><br \/>\n<input type=\"hidden\" name=\"_wpcf7_version\" value=\"6.0.6\" \/><br \/>\n<input type=\"hidden\" name=\"_wpcf7_locale\" value=\"it_IT\" \/><br \/>\n<input type=\"hidden\" name=\"_wpcf7_unit_tag\" value=\"wpcf7-f5123-o1\" \/><br \/>\n<input type=\"hidden\" name=\"_wpcf7_container_post\" value=\"0\" \/><br \/>\n<input type=\"hidden\" name=\"_wpcf7_posted_data_hash\" value=\"\" \/>\n<\/div>\n<p><span class=\"wpcf7-form-control-wrap\" data-name=\"your-name\"><input size=\"40\" maxlength=\"400\" class=\"wpcf7-form-control wpcf7-text wpcf7-validates-as-required\" aria-required=\"true\" aria-invalid=\"false\" placeholder=\"Nom*\" value=\"\" type=\"text\" name=\"your-name\" \/><\/span>\n<\/p>\n<p><span class=\"wpcf7-form-control-wrap\" data-name=\"your-email\"><input size=\"40\" maxlength=\"400\" class=\"wpcf7-form-control wpcf7-email wpcf7-validates-as-required wpcf7-text wpcf7-validates-as-email\" aria-required=\"true\" aria-invalid=\"false\" placeholder=\"Email*\" value=\"\" type=\"email\" name=\"your-email\" \/><\/span>\n<\/p>\n<p><span class=\"wpcf7-form-control-wrap\" data-name=\"your-phone\"><input size=\"40\" maxlength=\"400\" class=\"wpcf7-form-control wpcf7-tel wpcf7-text wpcf7-validates-as-tel\" aria-invalid=\"false\" placeholder=\"T\u00e9l\u00e9phone\" value=\"\" type=\"tel\" name=\"your-phone\" \/><\/span>\n<\/p>\n<p><span class=\"wpcf7-form-control-wrap\" data-name=\"your-message\"><textarea cols=\"40\" rows=\"3\" maxlength=\"2000\" class=\"wpcf7-form-control wpcf7-textarea wpcf7-validates-as-required\" aria-required=\"true\" aria-invalid=\"false\" placeholder=\"Message*\" name=\"your-message\"><\/textarea><\/span>\n<\/p>\n<div class=\"trattamento\">\n<p><span class=\"wpcf7-form-control-wrap\" data-name=\"privacy\"><span class=\"wpcf7-form-control wpcf7-acceptance\"><span class=\"wpcf7-list-item\"><label><input type=\"checkbox\" name=\"privacy\" value=\"1\" aria-invalid=\"false\" \/><span class=\"wpcf7-list-item-label\"><span style=\"display:none;\">Acconsento privacy<\/span><\/span><\/label><\/span><\/span><\/span><label class=\"testo_privacy\">Je consens au traitement des donn\u00e9es personnelles fournies afin de recevoir une r\u00e9ponse \u00e0 cette demande conform\u00e9ment \u00e0 notre <a href=\"http:\/\/riberi.com\/wp-content\/uploads\/2020\/05\/Informativa-sito.pdf\" target=\"_blank\" title=\"Privacy Policy\"> politique de confidentialit\u00e9<\/a>.<\/label>\n\t<\/p>\n<\/div>\n<p><input class=\"wpcf7-form-control wpcf7-submit has-spinner\" type=\"submit\" value=\"Envoyer\" \/>\n<\/p>\n<div class=\"wpcf7-response-output\" aria-hidden=\"true\"><\/div>\n<\/form>\n<\/div>\n<p>\n<\/div><div class=\"btClear btSeparator topSemiSpaced noBorder\" ><hr><\/div><\/div><\/div><\/div><\/div><\/div><\/div><\/div><\/div><\/div><\/div><\/div><\/section><\/p>\n","protected":false},"excerpt":{"rendered":"","protected":false},"author":1,"featured_media":4201,"parent":0,"menu_order":0,"comment_status":"closed","ping_status":"closed","template":"","meta":{"footnotes":""},"class_list":["post-4614","page","type-page","status-publish","has-post-thumbnail","hentry"],"yoast_head":"<!-- This site is optimized with the Yoast SEO plugin v25.3.1 - https:\/\/yoast.com\/wordpress\/plugins\/seo\/ -->\n<title>Conception de lignes de vie et syst\u00e8mes antichute \u00e0 Cuneo<\/title>\n<meta name=\"description\" content=\"D\u00e9couvrez comment nous concevons les lignes de vie et les syst\u00e8mes antichute pour toitures \u00e0 Cuneo, gr\u00e2ce \u00e0 notre expertise en pr\u00e9vention des accidents.\" \/>\n<meta name=\"robots\" content=\"index, follow, max-snippet:-1, max-image-preview:large, max-video-preview:-1\" \/>\n<link rel=\"canonical\" href=\"https:\/\/riberi.com\/fr\/lignes-de-vie\/\" \/>\n<meta property=\"og:locale\" content=\"fr_FR\" \/>\n<meta property=\"og:type\" content=\"article\" \/>\n<meta property=\"og:title\" content=\"Conception de lignes de vie et syst\u00e8mes antichute \u00e0 Cuneo\" \/>\n<meta property=\"og:description\" content=\"D\u00e9couvrez comment nous concevons les lignes de vie et les syst\u00e8mes antichute pour toitures \u00e0 Cuneo, gr\u00e2ce \u00e0 notre expertise en pr\u00e9vention des accidents.\" \/>\n<meta property=\"og:url\" content=\"https:\/\/riberi.com\/fr\/lignes-de-vie\/\" \/>\n<meta property=\"og:site_name\" content=\"RIBERI P\" \/>\n<meta property=\"article:publisher\" content=\"https:\/\/www.facebook.com\/riberipcostruzioni\/\" \/>\n<meta property=\"article:modified_time\" content=\"2025-07-17T10:28:17+00:00\" \/>\n<meta property=\"og:image\" content=\"https:\/\/riberi.com\/wp-content\/uploads\/2020\/04\/header-linee-vita.jpg\" \/>\n\t<meta property=\"og:image:width\" content=\"1920\" \/>\n\t<meta property=\"og:image:height\" content=\"960\" \/>\n\t<meta property=\"og:image:type\" content=\"image\/jpeg\" \/>\n<meta name=\"twitter:card\" content=\"summary_large_image\" \/>\n<meta name=\"twitter:label1\" content=\"Dur\u00e9e de lecture estim\u00e9e\" \/>\n\t<meta name=\"twitter:data1\" content=\"3 minutes\" \/>\n<script type=\"application\/ld+json\" class=\"yoast-schema-graph\">{\"@context\":\"https:\/\/schema.org\",\"@graph\":[{\"@type\":[\"WebPage\",\"ItemPage\"],\"@id\":\"https:\/\/riberi.com\/fr\/lignes-de-vie\/\",\"url\":\"https:\/\/riberi.com\/fr\/lignes-de-vie\/\",\"name\":\"Conception de lignes de vie et syst\u00e8mes antichute \u00e0 Cuneo\",\"isPartOf\":{\"@id\":\"https:\/\/riberi.com\/#website\"},\"primaryImageOfPage\":{\"@id\":\"https:\/\/riberi.com\/fr\/lignes-de-vie\/#primaryimage\"},\"image\":{\"@id\":\"https:\/\/riberi.com\/fr\/lignes-de-vie\/#primaryimage\"},\"thumbnailUrl\":\"https:\/\/riberi.com\/wp-content\/uploads\/2020\/04\/header-linee-vita.jpg\",\"datePublished\":\"2020-04-19T08:40:22+00:00\",\"dateModified\":\"2025-07-17T10:28:17+00:00\",\"description\":\"D\u00e9couvrez comment nous concevons les lignes de vie et les syst\u00e8mes antichute pour toitures \u00e0 Cuneo, gr\u00e2ce \u00e0 notre expertise en pr\u00e9vention des accidents.\",\"breadcrumb\":{\"@id\":\"https:\/\/riberi.com\/fr\/lignes-de-vie\/#breadcrumb\"},\"inLanguage\":\"fr-FR\",\"potentialAction\":[{\"@type\":\"ReadAction\",\"target\":[\"https:\/\/riberi.com\/fr\/lignes-de-vie\/\"]}]},{\"@type\":\"ImageObject\",\"inLanguage\":\"fr-FR\",\"@id\":\"https:\/\/riberi.com\/fr\/lignes-de-vie\/#primaryimage\",\"url\":\"https:\/\/riberi.com\/wp-content\/uploads\/2020\/04\/header-linee-vita.jpg\",\"contentUrl\":\"https:\/\/riberi.com\/wp-content\/uploads\/2020\/04\/header-linee-vita.jpg\",\"width\":1920,\"height\":960,\"caption\":\"linee vita\"},{\"@type\":\"BreadcrumbList\",\"@id\":\"https:\/\/riberi.com\/fr\/lignes-de-vie\/#breadcrumb\",\"itemListElement\":[{\"@type\":\"ListItem\",\"position\":1,\"name\":\"Home\",\"item\":\"https:\/\/riberi.com\/fr\/\"},{\"@type\":\"ListItem\",\"position\":2,\"name\":\"Lignes de vie\"}]},{\"@type\":\"WebSite\",\"@id\":\"https:\/\/riberi.com\/#website\",\"url\":\"https:\/\/riberi.com\/\",\"name\":\"Riberi P - Costruzioni\",\"description\":\"Costruzioni industriali industriali, civili e agricole\",\"publisher\":{\"@id\":\"https:\/\/riberi.com\/#organization\"},\"alternateName\":\"Riberi P - Costruzioni industriali industriali, civili e agricole\",\"potentialAction\":[{\"@type\":\"SearchAction\",\"target\":{\"@type\":\"EntryPoint\",\"urlTemplate\":\"https:\/\/riberi.com\/?s={search_term_string}\"},\"query-input\":{\"@type\":\"PropertyValueSpecification\",\"valueRequired\":true,\"valueName\":\"search_term_string\"}}],\"inLanguage\":\"fr-FR\"},{\"@type\":\"Organization\",\"@id\":\"https:\/\/riberi.com\/#organization\",\"name\":\"Riberi P - Costruzioni\",\"alternateName\":\"Riberi P - Costruzioni industriali industriali, civili e agricole\",\"url\":\"https:\/\/riberi.com\/\",\"logo\":{\"@type\":\"ImageObject\",\"inLanguage\":\"fr-FR\",\"@id\":\"https:\/\/riberi.com\/#\/schema\/logo\/image\/\",\"url\":\"https:\/\/riberi.com\/wp-content\/uploads\/2020\/04\/logo-riberi.png\",\"contentUrl\":\"https:\/\/riberi.com\/wp-content\/uploads\/2020\/04\/logo-riberi.png\",\"width\":660,\"height\":300,\"caption\":\"Riberi P - Costruzioni\"},\"image\":{\"@id\":\"https:\/\/riberi.com\/#\/schema\/logo\/image\/\"},\"sameAs\":[\"https:\/\/www.facebook.com\/riberipcostruzioni\/\"]}]}<\/script>\n<!-- \/ Yoast SEO plugin. -->","yoast_head_json":{"title":"Conception de lignes de vie et syst\u00e8mes antichute \u00e0 Cuneo","description":"D\u00e9couvrez comment nous concevons les lignes de vie et les syst\u00e8mes antichute pour toitures \u00e0 Cuneo, gr\u00e2ce \u00e0 notre expertise en pr\u00e9vention des accidents.","robots":{"index":"index","follow":"follow","max-snippet":"max-snippet:-1","max-image-preview":"max-image-preview:large","max-video-preview":"max-video-preview:-1"},"canonical":"https:\/\/riberi.com\/fr\/lignes-de-vie\/","og_locale":"fr_FR","og_type":"article","og_title":"Conception de lignes de vie et syst\u00e8mes antichute \u00e0 Cuneo","og_description":"D\u00e9couvrez comment nous concevons les lignes de vie et les syst\u00e8mes antichute pour toitures \u00e0 Cuneo, gr\u00e2ce \u00e0 notre expertise en pr\u00e9vention des accidents.","og_url":"https:\/\/riberi.com\/fr\/lignes-de-vie\/","og_site_name":"RIBERI P","article_publisher":"https:\/\/www.facebook.com\/riberipcostruzioni\/","article_modified_time":"2025-07-17T10:28:17+00:00","og_image":[{"width":1920,"height":960,"url":"https:\/\/riberi.com\/wp-content\/uploads\/2020\/04\/header-linee-vita.jpg","type":"image\/jpeg"}],"twitter_card":"summary_large_image","twitter_misc":{"Dur\u00e9e de lecture estim\u00e9e":"3 minutes"},"schema":{"@context":"https:\/\/schema.org","@graph":[{"@type":["WebPage","ItemPage"],"@id":"https:\/\/riberi.com\/fr\/lignes-de-vie\/","url":"https:\/\/riberi.com\/fr\/lignes-de-vie\/","name":"Conception de lignes de vie et syst\u00e8mes antichute \u00e0 Cuneo","isPartOf":{"@id":"https:\/\/riberi.com\/#website"},"primaryImageOfPage":{"@id":"https:\/\/riberi.com\/fr\/lignes-de-vie\/#primaryimage"},"image":{"@id":"https:\/\/riberi.com\/fr\/lignes-de-vie\/#primaryimage"},"thumbnailUrl":"https:\/\/riberi.com\/wp-content\/uploads\/2020\/04\/header-linee-vita.jpg","datePublished":"2020-04-19T08:40:22+00:00","dateModified":"2025-07-17T10:28:17+00:00","description":"D\u00e9couvrez comment nous concevons les lignes de vie et les syst\u00e8mes antichute pour toitures \u00e0 Cuneo, gr\u00e2ce \u00e0 notre expertise en pr\u00e9vention des accidents.","breadcrumb":{"@id":"https:\/\/riberi.com\/fr\/lignes-de-vie\/#breadcrumb"},"inLanguage":"fr-FR","potentialAction":[{"@type":"ReadAction","target":["https:\/\/riberi.com\/fr\/lignes-de-vie\/"]}]},{"@type":"ImageObject","inLanguage":"fr-FR","@id":"https:\/\/riberi.com\/fr\/lignes-de-vie\/#primaryimage","url":"https:\/\/riberi.com\/wp-content\/uploads\/2020\/04\/header-linee-vita.jpg","contentUrl":"https:\/\/riberi.com\/wp-content\/uploads\/2020\/04\/header-linee-vita.jpg","width":1920,"height":960,"caption":"linee vita"},{"@type":"BreadcrumbList","@id":"https:\/\/riberi.com\/fr\/lignes-de-vie\/#breadcrumb","itemListElement":[{"@type":"ListItem","position":1,"name":"Home","item":"https:\/\/riberi.com\/fr\/"},{"@type":"ListItem","position":2,"name":"Lignes de vie"}]},{"@type":"WebSite","@id":"https:\/\/riberi.com\/#website","url":"https:\/\/riberi.com\/","name":"Riberi P - Costruzioni","description":"Costruzioni industriali industriali, civili e agricole","publisher":{"@id":"https:\/\/riberi.com\/#organization"},"alternateName":"Riberi P - Costruzioni industriali industriali, civili e agricole","potentialAction":[{"@type":"SearchAction","target":{"@type":"EntryPoint","urlTemplate":"https:\/\/riberi.com\/?s={search_term_string}"},"query-input":{"@type":"PropertyValueSpecification","valueRequired":true,"valueName":"search_term_string"}}],"inLanguage":"fr-FR"},{"@type":"Organization","@id":"https:\/\/riberi.com\/#organization","name":"Riberi P - Costruzioni","alternateName":"Riberi P - Costruzioni industriali industriali, civili e agricole","url":"https:\/\/riberi.com\/","logo":{"@type":"ImageObject","inLanguage":"fr-FR","@id":"https:\/\/riberi.com\/#\/schema\/logo\/image\/","url":"https:\/\/riberi.com\/wp-content\/uploads\/2020\/04\/logo-riberi.png","contentUrl":"https:\/\/riberi.com\/wp-content\/uploads\/2020\/04\/logo-riberi.png","width":660,"height":300,"caption":"Riberi P - Costruzioni"},"image":{"@id":"https:\/\/riberi.com\/#\/schema\/logo\/image\/"},"sameAs":["https:\/\/www.facebook.com\/riberipcostruzioni\/"]}]}},"_links":{"self":[{"href":"https:\/\/riberi.com\/fr\/wp-json\/wp\/v2\/pages\/4614","targetHints":{"allow":["GET"]}}],"collection":[{"href":"https:\/\/riberi.com\/fr\/wp-json\/wp\/v2\/pages"}],"about":[{"href":"https:\/\/riberi.com\/fr\/wp-json\/wp\/v2\/types\/page"}],"author":[{"embeddable":true,"href":"https:\/\/riberi.com\/fr\/wp-json\/wp\/v2\/users\/1"}],"replies":[{"embeddable":true,"href":"https:\/\/riberi.com\/fr\/wp-json\/wp\/v2\/comments?post=4614"}],"version-history":[{"count":5,"href":"https:\/\/riberi.com\/fr\/wp-json\/wp\/v2\/pages\/4614\/revisions"}],"predecessor-version":[{"id":6185,"href":"https:\/\/riberi.com\/fr\/wp-json\/wp\/v2\/pages\/4614\/revisions\/6185"}],"wp:featuredmedia":[{"embeddable":true,"href":"https:\/\/riberi.com\/fr\/wp-json\/wp\/v2\/media\/4201"}],"wp:attachment":[{"href":"https:\/\/riberi.com\/fr\/wp-json\/wp\/v2\/media?parent=4614"}],"curies":[{"name":"wp","href":"https:\/\/api.w.org\/{rel}","templated":true}]}}